{"id":256835,"date":"2012-12-12T21:14:21","date_gmt":"2012-12-12T20:14:21","guid":{"rendered":"https:\/\/nueva.ledsolintel.com\/condiciones\/"},"modified":"2012-12-12T21:14:21","modified_gmt":"2012-12-12T20:14:21","slug":"conditions","status":"publish","type":"page","link":"https:\/\/ledsolintel.com\/fr\/conditions\/","title":{"rendered":"Conditions"},"content":{"rendered":"<p style=\"text-align: justify;\"><span style=\"text-decoration: underline;\"><strong>Comment acheter :<\/strong><\/span><\/p>\n<p style=\"text-align: justify;\">Pour acheter, cliquez sur le panier d'achat \u00e0 c\u00f4t\u00e9 des produits s\u00e9lectionn\u00e9s.<\/p>\n<p style=\"text-align: justify;\">Le panier vous indique les produits, les prix et les quantit\u00e9s que vous avez ajout\u00e9s lors de votre navigation sur notre plateforme de vente en ligne.<\/p>\n<p style=\"text-align: justify;\">Une fois que vous \u00eates satisfait de la commande que vous souhaitez passer, cliquez sur le bouton \u201cConfirmer\u201d dans la fen\u00eatre contextuelle ou cliquez simplement sur le panier d'achat en haut \u00e0 droite de la page. Vous acc\u00e9derez alors \u00e0 une page o\u00f9 l'on vous demandera votre adresse \u00e9lectronique et votre mot de passe si vous avez d\u00e9j\u00e0 fait des achats chez nous. Si vous n'avez jamais fait d'achats chez nous, on vous demandera votre adresse \u00e9lectronique et vos coordonn\u00e9es de livraison et de facturation.<\/p>\n<p style=\"text-align: justify;\">Si vous avez d\u00e9j\u00e0 effectu\u00e9 un achat et que vous vous \u00eates connect\u00e9 avec votre adresse \u00e9lectronique et votre mot de passe, nous vous indiquerons l'adresse que nous avons enregistr\u00e9e dans notre base de donn\u00e9es pour la livraison de votre commande. Vous pouvez modifier votre adresse si elle a chang\u00e9.<\/p>\n<p style=\"text-align: justify;\">Si vous \u00eates un primo-acc\u00e9dant, le formulaire appara\u00eet vide afin que vous puissiez saisir vos donn\u00e9es d'identification et d'adresse.<\/p>\n<p style=\"text-align: justify;\">Apr\u00e8s avoir confirm\u00e9 vos coordonn\u00e9es, vous verrez appara\u00eetre \u00e0 l'\u00e9cran un r\u00e9capitulatif de votre commande. Si vous \u00eates d'accord avec le contenu du panier, s\u00e9lectionnez le mode de paiement et cliquez sur le bouton \u201cJe confirme ma commande\u201d.<\/p>\n<p style=\"text-align: justify;\">Toutes les informations que vous nous envoyez sont crypt\u00e9es et stock\u00e9es sur notre serveur s\u00e9curis\u00e9 afin de garantir la confidentialit\u00e9 et l'inviolabilit\u00e9 de vos donn\u00e9es personnelles.<\/p>\n<p style=\"text-align: justify;\">Vous aurez \u00e9galement la possibilit\u00e9 de nous faire part de vos commentaires concernant votre commande.<\/p>\n<p style=\"text-align: justify;\"><span style=\"text-decoration: underline;\"><strong>Modalit\u00e9s de paiement :<\/strong><\/span><\/p>\n<ul style=\"text-align: justify;\">\n<li>\n<div style=\"text-align: justify;\">Virement bancaire<\/div>\n<\/li>\n<li>\n<div style=\"text-align: justify;\">V\u00e9rifier<\/div>\n<\/li>\n<li>\n<div style=\"text-align: justify;\">PayPal<\/div>\n<\/li>\n<li>\n<div style=\"text-align: justify;\">Carte de cr\u00e9dit<\/div>\n<\/li>\n<li>\n<div style=\"text-align: justify;\">Remboursement<\/div>\n<\/li>\n<li>SeQura<\/li>\n<\/ul>\n<p style=\"text-align: justify;\">Vous pouvez demander un virement bancaire sur notre compte :<\/p>\n<p>BBVA\u00a0<span class=\"kyos_linkColor kyos_sepDatoConsulta\">ES33 0182 2202 9402 0154 8853<\/span><\/p>\n<p>B\u00e9n\u00e9ficiaire : Solintel Noroeste, S.L.<\/p>\n<p style=\"text-align: justify;\">Dans le virement, vous devez indiquer le num\u00e9ro de commande et votre nom. D\u00e8s que nous aurons re\u00e7u votre ordre de notre banque, nous vous enverrons votre commande dans les d\u00e9lais de livraison convenus.<\/p>\n<p style=\"text-align: justify;\">Si vous le souhaitez, vous pouvez \u00e9galement envoyer un ch\u00e8que bancaire \u00e0 l'adresse suivante :\u00a0<\/p>\n<p style=\"text-align: justify;\">\u00a0<\/p>\n<p style=\"text-align: justify;\">Solintel Noroeste, S.L.<\/p>\n<p style=\"text-align: justify;\">C\/ Merced 81, bajo<\/p>\n<p style=\"text-align: justify;\">15009 A Coru\u00f1a<\/p>\n<p style=\"text-align: justify;\">\u00a0<\/p>\n<p style=\"text-align: justify;\">L'autre option est le paiement par PayPal. PayPal est le premier syst\u00e8me de paiement en ligne au monde.<\/p>\n<p style=\"text-align: justify;\"><span style=\"text-decoration: underline;\">Votre paiement sur mesure avec SeQura<\/span><br \/>Nous avons mis en place de nouvelles m\u00e9thodes de paiement pour que vous puissiez acheter ce que vous voulez comme vous le voulez. Payez vos achats apr\u00e8s les avoir re\u00e7us ou, si vous pr\u00e9f\u00e9rez, petit \u00e0 petit. Profitez de votre achat en effectuant votre paiement avec SeQura. <\/p>\n<p>C'est ainsi qu'il est facile, rapide et s\u00fbr de faire des achats avec SeQura :<\/p>\n<ol>\n<li>S\u00e9lectionnez SeQura comme mode de paiement \u00e0 la fin de votre commande.<\/li>\n<li>Remplissez vos coordonn\u00e9es et nous confirmerons instantan\u00e9ment votre achat.<\/li>\n<li>Profitez de votre achat sans vous soucier du paiement !<\/li>\n<\/ol>\n<p style=\"text-align: justify;\">Si vous avez des doutes, r\u00e9solvez-les <a href=\"https:\/\/www.sequra.es\/preguntas-frecuentes?utm_source=merchant_web&#038;utm_medium=paginfo_link&#038;utm_campaign=descripci\u00f3nSQ_faq\" target=\"_blank\">ici<\/a>.<\/p>\n<p style=\"text-align: justify;\">\u00a0<\/p>\n<p style=\"text-align: justify;\"><span style=\"text-decoration: underline;\"><strong>Identification du client<\/strong><\/span><\/p>\n<p style=\"text-align: justify;\">Vous pouvez acheter dans notre boutique en ligne en vous identifiant comme un client qui a d\u00e9j\u00e0 effectu\u00e9 un achat dans la boutique. Pour cela, vous devez indiquer l'adresse \u00e9lectronique et le mot de passe avec lesquels vous avez effectu\u00e9 l'achat pr\u00e9c\u00e9dent et cliquer sur le bouton Continuer.<\/p>\n<p style=\"text-align: justify;\">Vous verrez alors appara\u00eetre le formulaire que vous avez rempli lors de votre pr\u00e9c\u00e9dent achat. Si vous souhaitez modifier l'adresse, vous pouvez le faire et nous la conserverons pour vos prochains achats.<\/p>\n<p style=\"text-align: justify;\">Si l'adresse \u00e9lectronique ou le mot de passe saisi n'est pas correct ou si vous ne vous souvenez pas des donn\u00e9es que vous avez saisies lors de votre achat pr\u00e9c\u00e9dent, vous pouvez passer votre commande en saisissant \u00e0 nouveau votre adresse \u00e9lectronique et un nouveau mot de passe.<\/p>\n<p style=\"text-align: justify;\">Si vous constatez des diff\u00e9rences par rapport \u00e0 votre commande initiale, vous devez les signaler avant d'effectuer le paiement et attendre l'e-mail de confirmation des diff\u00e9rences signal\u00e9es.<\/p>\n<p style=\"text-align: justify;\">Dans l'e-mail, outre les donn\u00e9es relatives \u00e0 la transaction commerciale, veuillez inclure les informations suivantes : \u25feNom ou raison sociale \u25feC\u00f3digo d'identification personnelle ou d'entreprise \u25feAdresse \u25feE-mail \u25feSite web (si vous en avez un) \u25feT\u00e9l\u00e9phone \u25feFax \u25feVille \u25feC\u00f3digo adresse postale \u25feProvince ou \u00e9tat \u25fePays \u25feQuantit\u00e9 demand\u00e9e pour chaque article. \u25feLieu de livraison des articles achet\u00e9s, en indiquant le port de destination. \u25feToute autre information que vous jugez utile de nous communiquer, telle que le mode de paiement propos\u00e9, etc... \u25feProvince ou \u00e9tat.\u00a0<\/p>\n<p style=\"text-align: justify;\">\u00a0<\/p>\n<p style=\"text-align: justify;\"><strong><span style=\"text-decoration: underline;\">Retours<\/span><\/strong><\/p>\n<p style=\"text-align: justify;\">\u00c0 compter de la r\u00e9ception de l'envoi et dans un d\u00e9lai de 15 jours calendaires, vous pouvez retourner l'article achet\u00e9 s'il ne vous convient pas et s'il n'a pas \u00e9t\u00e9 utilis\u00e9. Pour ce faire, il vous suffit de contacter notre service client\u00e8le et de renvoyer le produit dans son emballage d'origine (avec le bon de livraison, la garantie et le mode d'emploi).<\/p>\n<p style=\"text-align: justify;\">Une fois que nous avons v\u00e9rifi\u00e9 que les marchandises sont en parfait \u00e9tat, nous proc\u00e9dons au remboursement. Si le retour ne nous est pas imputable, les frais de retour seront \u00e0 la charge du client.\u00a0<\/p>\n<p style=\"text-align: justify;\">\u00a0<\/p>\n<p style=\"text-align: justify;\"><span style=\"text-decoration: underline;\"><strong>Images<\/strong><\/span><\/p>\n<p style=\"text-align: justify;\">Les images sont utilis\u00e9es \u00e0 des fins d'illustration et peuvent ne pas correspondre exactement au produit d\u00e9crit. Les articles commercialis\u00e9s sur ce site r\u00e9pondent \u00e0 toutes les normes de qualit\u00e9 et ont \u00e9t\u00e9 contr\u00f4l\u00e9s par nos techniciens avant d'\u00eatre mis en vente.<\/p>\n<p style=\"text-align: justify;\">\u00a0<\/p>\n<p><span style=\"text-decoration: underline;\"><strong>Traitement des donn\u00e9es des utilisateurs<\/strong><\/span><\/p>\n<p>Conform\u00e9ment aux dispositions de la loi organique 15\/1999, du 13 d\u00e9cembre, sur la protection des donn\u00e9es \u00e0 caract\u00e8re personnel, <a href=\"http:\/\/ledsolintel.com\/fr\/\">http:\/\/ledsolintel.com<\/a>\u00a0, informe ses clients que les donn\u00e9es personnelles fournies seront incluses dans un fichier automatis\u00e9 de donn\u00e9es personnelles, cr\u00e9\u00e9 et maintenu sous la responsabilit\u00e9 de Solintel Noroeste, S.L.\u00a0<\/p>\n<p>Le but de ce fichier est de faciliter le traitement des commandes et d'envoyer \u00e0 l'avenir des offres commerciales sur des produits et services susceptibles d'int\u00e9resser nos clients.\u00a0<\/p>\n<p>Solintel Noroeste, S.L. garantit la s\u00e9curit\u00e9 et la confidentialit\u00e9 des donn\u00e9es fournies. Ainsi, elle s'engage \u00e0 respecter son obligation de pr\u00e9server le secret des donn\u00e9es personnelles et son devoir de les conserver et d'adopter toutes les mesures n\u00e9cessaires pour \u00e9viter leur alt\u00e9ration, leur perte, leur traitement ou leur utilisation non autoris\u00e9e. Par cons\u00e9quent, toutes les informations concernant nos clients ne seront pas utilis\u00e9es \u00e0 des fins commerciales et ne seront pas transmises \u00e0 des tiers.<\/p>\n<p style=\"text-align: justify;\">\u00a0<\/p>\n<p>Les clients de <a href=\"http:\/\/ledsolintel.com\/fr\/\">http:\/\/ledsolintel.com<\/a> peuvent \u00e0 tout moment exercer leurs droits d'acc\u00e8s, de rectification, d'annulation et d'opposition en \u00e9crivant \u00e0 notre adresse \u00e9lectronique info@ledsolintel.com.<\/p>\n<p style=\"font: 10.9px\/normal Verdana, Arial, Helvetica, sans-serif; margin: .5em 0px; padding: 0px; border: 0px; text-align: left; color: #000000; text-transform: none; text-indent: 0px; letter-spacing: normal; word-spacing: 0px; vertical-align: baseline; white-space: normal; background-color: #ffffff;\">\u00a0<\/p>\n<p style=\"text-align: justify;\">Si vous avez des commentaires ou des suggestions, vous pouvez utiliser notre adresse \u00e9lectronique : info@ledsolintel.com\u00a0\u00a0<\/p>\n<p style=\"font: 10.9px\/normal Verdana, Arial, Helvetica, sans-serif; margin: .5em 0px; padding: 0px; border: 0px; text-align: left; color: #000000; text-transform: none; text-indent: 0px; letter-spacing: normal; word-spacing: 0px; vertical-align: baseline; white-space: normal; background-color: #ffffff;\">\u00a0<\/p>\n<p style=\"text-align: justify;\">\u00a0<\/p>","protected":false},"excerpt":{"rendered":"<p>C\u00f3mo comprar: Para comprar es necesario pulsar en\u00a0la cesta\u00a0de la compra que se encuentra junto a sus productos seleccionados. La cesta de la compra le muestra los productos, precios y cantidades que hubiere ido a\u00f1adiendo al mismo, durante su navegaci\u00f3n por la plataforma nuestra tienda virtual. Una vez satisfecho con el pedido que desee realizar &hellip; <a href=\"https:\/\/ledsolintel.com\/fr\/conditions\/\" class=\"more-link\">Continue reading <span class=\"screen-reader-text\">Conditions<\/span><\/a><\/p>","protected":false},"author":1,"featured_media":0,"parent":0,"menu_order":1,"comment_status":"closed","ping_status":"closed","template":"","meta":{"footnotes":""},"class_list":["post-256835","page","type-page","status-publish","hentry"],"yoast_head":"<!-- This site is optimized with the Yoast SEO plugin v26.6 - https:\/\/yoast.com\/wordpress\/plugins\/seo\/ -->\n<title>Condiciones<\/title>\n<meta name=\"description\" content=\"Condiciones de uso\" \/>\n<meta name=\"robots\" content=\"index, follow, max-snippet:-1, max-image-preview:large, max-video-preview:-1\" \/>\n<link rel=\"canonical\" href=\"https:\/\/ledsolintel.com\/fr\/conditions\/\" \/>\n<meta property=\"og:locale\" content=\"fr_FR\" \/>\n<meta property=\"og:type\" content=\"article\" \/>\n<meta property=\"og:title\" content=\"Condiciones\" \/>\n<meta property=\"og:description\" content=\"Condiciones de uso\" \/>\n<meta property=\"og:url\" content=\"https:\/\/ledsolintel.com\/fr\/conditions\/\" \/>\n<meta property=\"og:site_name\" content=\"Ledsolintel\" \/>\n<meta property=\"article:publisher\" content=\"http:\/\/www.facebook.com\/webmenaje\" \/>\n<meta name=\"twitter:card\" content=\"summary_large_image\" \/>\n<meta name=\"twitter:site\" content=\"@webmenaje\" \/>\n<meta name=\"twitter:label1\" content=\"Dur\u00e9e de lecture estim\u00e9e\" \/>\n\t<meta name=\"twitter:data1\" content=\"6 minutes\" \/>\n<script type=\"application\/ld+json\" class=\"yoast-schema-graph\">{\"@context\":\"https:\/\/schema.org\",\"@graph\":[{\"@type\":\"WebPage\",\"@id\":\"https:\/\/ledsolintel.com\/condiciones\/\",\"url\":\"https:\/\/ledsolintel.com\/condiciones\/\",\"name\":\"Condiciones\",\"isPartOf\":{\"@id\":\"https:\/\/ledsolintel.com\/#website\"},\"datePublished\":\"2012-12-12T20:14:21+00:00\",\"description\":\"Condiciones de uso\",\"breadcrumb\":{\"@id\":\"https:\/\/ledsolintel.com\/condiciones\/#breadcrumb\"},\"inLanguage\":\"fr-FR\",\"potentialAction\":[{\"@type\":\"ReadAction\",\"target\":[\"https:\/\/ledsolintel.com\/condiciones\/\"]}]},{\"@type\":\"BreadcrumbList\",\"@id\":\"https:\/\/ledsolintel.com\/condiciones\/#breadcrumb\",\"itemListElement\":[{\"@type\":\"ListItem\",\"position\":1,\"name\":\"Portada\",\"item\":\"https:\/\/ledsolintel.com\/fr\/\"},{\"@type\":\"ListItem\",\"position\":2,\"name\":\"Condiciones\"}]},{\"@type\":\"WebSite\",\"@id\":\"https:\/\/ledsolintel.com\/#website\",\"url\":\"https:\/\/ledsolintel.com\/\",\"name\":\"Webmenaje\",\"description\":\"Tienda de bombillas y l\u00e1mparas LED para profesionales\",\"publisher\":{\"@id\":\"https:\/\/ledsolintel.com\/#organization\"},\"potentialAction\":[{\"@type\":\"SearchAction\",\"target\":{\"@type\":\"EntryPoint\",\"urlTemplate\":\"https:\/\/ledsolintel.com\/?s={search_term_string}\"},\"query-input\":{\"@type\":\"PropertyValueSpecification\",\"valueRequired\":true,\"valueName\":\"search_term_string\"}}],\"inLanguage\":\"fr-FR\"},{\"@type\":\"Organization\",\"@id\":\"https:\/\/ledsolintel.com\/#organization\",\"name\":\"Solintel Noroeste, S.L.\",\"url\":\"https:\/\/ledsolintel.com\/\",\"logo\":{\"@type\":\"ImageObject\",\"inLanguage\":\"fr-FR\",\"@id\":\"https:\/\/ledsolintel.com\/#\/schema\/logo\/image\/\",\"url\":\"https:\/\/ledsolintel.com\/wp-content\/uploads\/2024\/11\/webmenaje-logo-1508269066.jpg\",\"contentUrl\":\"https:\/\/ledsolintel.com\/wp-content\/uploads\/2024\/11\/webmenaje-logo-1508269066.jpg\",\"width\":370,\"height\":90,\"caption\":\"Solintel Noroeste, S.L.\"},\"image\":{\"@id\":\"https:\/\/ledsolintel.com\/#\/schema\/logo\/image\/\"},\"sameAs\":[\"http:\/\/www.facebook.com\/webmenaje\",\"https:\/\/x.com\/webmenaje\",\"https:\/\/www.youtube.com\/channel\/UCX2KoVoeCG4LocZjUc6LmSQ\",\"http:\/\/www.pinterest.com\/webmenaje\"]}]}<\/script>\n<!-- \/ Yoast SEO plugin. -->","yoast_head_json":{"title":"Conditions","description":"Conditions d'utilisation","robots":{"index":"index","follow":"follow","max-snippet":"max-snippet:-1","max-image-preview":"max-image-preview:large","max-video-preview":"max-video-preview:-1"},"canonical":"https:\/\/ledsolintel.com\/fr\/conditions\/","og_locale":"fr_FR","og_type":"article","og_title":"Condiciones","og_description":"Condiciones de uso","og_url":"https:\/\/ledsolintel.com\/fr\/conditions\/","og_site_name":"Ledsolintel","article_publisher":"http:\/\/www.facebook.com\/webmenaje","twitter_card":"summary_large_image","twitter_site":"@webmenaje","twitter_misc":{"Dur\u00e9e de lecture estim\u00e9e":"6 minutes"},"schema":{"@context":"https:\/\/schema.org","@graph":[{"@type":"WebPage","@id":"https:\/\/ledsolintel.com\/condiciones\/","url":"https:\/\/ledsolintel.com\/condiciones\/","name":"Conditions","isPartOf":{"@id":"https:\/\/ledsolintel.com\/#website"},"datePublished":"2012-12-12T20:14:21+00:00","description":"Conditions d'utilisation","breadcrumb":{"@id":"https:\/\/ledsolintel.com\/condiciones\/#breadcrumb"},"inLanguage":"fr-FR","potentialAction":[{"@type":"ReadAction","target":["https:\/\/ledsolintel.com\/condiciones\/"]}]},{"@type":"BreadcrumbList","@id":"https:\/\/ledsolintel.com\/condiciones\/#breadcrumb","itemListElement":[{"@type":"ListItem","position":1,"name":"Portada","item":"https:\/\/ledsolintel.com\/fr\/"},{"@type":"ListItem","position":2,"name":"Condiciones"}]},{"@type":"WebSite","@id":"https:\/\/ledsolintel.com\/#website","url":"https:\/\/ledsolintel.com\/","name":"Webmenaje","description":"Magasin d'ampoules et de lampes LED pour les professionnels","publisher":{"@id":"https:\/\/ledsolintel.com\/#organization"},"potentialAction":[{"@type":"SearchAction","target":{"@type":"EntryPoint","urlTemplate":"https:\/\/ledsolintel.com\/?s={search_term_string}"},"query-input":{"@type":"PropertyValueSpecification","valueRequired":true,"valueName":"search_term_string"}}],"inLanguage":"fr-FR"},{"@type":"Organization","@id":"https:\/\/ledsolintel.com\/#organization","name":"Solintel Noroeste, S.L.","url":"https:\/\/ledsolintel.com\/","logo":{"@type":"ImageObject","inLanguage":"fr-FR","@id":"https:\/\/ledsolintel.com\/#\/schema\/logo\/image\/","url":"https:\/\/ledsolintel.com\/wp-content\/uploads\/2024\/11\/webmenaje-logo-1508269066.jpg","contentUrl":"https:\/\/ledsolintel.com\/wp-content\/uploads\/2024\/11\/webmenaje-logo-1508269066.jpg","width":370,"height":90,"caption":"Solintel Noroeste, S.L."},"image":{"@id":"https:\/\/ledsolintel.com\/#\/schema\/logo\/image\/"},"sameAs":["http:\/\/www.facebook.com\/webmenaje","https:\/\/x.com\/webmenaje","https:\/\/www.youtube.com\/channel\/UCX2KoVoeCG4LocZjUc6LmSQ","http:\/\/www.pinterest.com\/webmenaje"]}]}},"_links":{"self":[{"href":"https:\/\/ledsolintel.com\/fr\/wp-json\/wp\/v2\/pages\/256835","targetHints":{"allow":["GET"]}}],"collection":[{"href":"https:\/\/ledsolintel.com\/fr\/wp-json\/wp\/v2\/pages"}],"about":[{"href":"https:\/\/ledsolintel.com\/fr\/wp-json\/wp\/v2\/types\/page"}],"author":[{"embeddable":true,"href":"https:\/\/ledsolintel.com\/fr\/wp-json\/wp\/v2\/users\/1"}],"replies":[{"embeddable":true,"href":"https:\/\/ledsolintel.com\/fr\/wp-json\/wp\/v2\/comments?post=256835"}],"version-history":[{"count":0,"href":"https:\/\/ledsolintel.com\/fr\/wp-json\/wp\/v2\/pages\/256835\/revisions"}],"wp:attachment":[{"href":"https:\/\/ledsolintel.com\/fr\/wp-json\/wp\/v2\/media?parent=256835"}],"curies":[{"name":"wp","href":"https:\/\/api.w.org\/{rel}","templated":true}]}}