{"id":20,"date":"2025-02-26T10:40:21","date_gmt":"2025-02-26T09:40:21","guid":{"rendered":"https:\/\/nueva.webmenaje.com\/?page_id=20"},"modified":"2025-02-26T10:40:48","modified_gmt":"2025-02-26T09:40:48","slug":"proceso-de-envio","status":"publish","type":"page","link":"https:\/\/ledsolintel.com\/fr\/proceso-de-envio\/","title":{"rendered":"Processus d'exp\u00e9dition"},"content":{"rendered":"<p>WEBMENAJE&nbsp;se reserva el derecho de enviar los pedidos por el medio de trasporte m\u00e1s adecuado en cada momento seg\u00fan su criterio. Normalmente los env\u00edos se realizan a trav\u00e9s de GLS\/ASM y Envialia.<\/p>\n\n\n\n<p>Los gastos de env\u00edo no est\u00e1n incluidos y ser\u00e1n por cuenta del cliente. Estos gastos son los indicados en la web y aparecer\u00e1n debidamente detallados. Los portes son calculados autom\u00e1ticamente seg\u00fan destino e importe:<\/p>\n\n\n\n<p><strong>LOS ENV\u00cdOS A LAS ISLAS PUEDEN GENERAR GASTOS ADICIONALES QUE SON A CARGO DEL CLIENTE<\/strong><\/p>\n\n\n\n<p><strong>LOS PEDIDOS ENVIADOS CONTRA-REEMBOLSO TIENEN UN RECARGO QUE SE SUMAR\u00c1 A LOS GASTOS DE ENV\u00cdO.<\/strong><\/p>\n\n\n\n<p>El plazo de entrega de productos en STOCK est\u00e1 comprendido entre 2 y&nbsp;6 d\u00edas laborables desde la confirmaci\u00f3n del pago del pedido. El plazo de entrega para Espa\u00f1a (Islas) es entre 5-10 d\u00edas laborables.<\/p>\n\n\n\n<p>En el caso de que los productos adquiridos deban ser solicitados a proveedores de WEBMENAJE el c\u00f3mputo del plazo de entrega se iniciar\u00e1 en el instante de recepci\u00f3n de la mercanc\u00eda en nuestras instalaciones. Los clientes ser\u00e1n informados si por demora en el servicio de entrega de nuestros proveedores se produjese un retraso inhabitual en los plazos de entrega, pudiendo optar por mantener su pedido en espera o cancelarlo.<\/p>\n\n\n\n<p>Cuando el pedido sea enviado recibir\u00e1 un email de confirmaci\u00f3n del env\u00edo y un mensaje en el que le facilitaremos el n\u00famero de seguimiento.<\/p>\n\n\n\n<p>Atenci\u00f3n: la entrega de los&nbsp;pedidos realizados durante los&nbsp;per\u00edodos vacacionales (meses de julio y agosto, Navidad y Semana Santa) puede sufrir alg\u00fan retraso por causas ajenas a Webmenaje. Si desea realizar un pedido urgente,&nbsp;por favor cons\u00faltenos por v\u00eda telef\u00f3nica (881 991 383 \/ 698 155 566) o bien por correo electr\u00f3nico (info@ledsolintel.com)<\/p>\n\n\n\n<p><strong>La recepci\u00f3n del pedido es responsabilidad del cliente<\/strong><\/p>\n\n\n\n<p>Si un pedido nos es devuelto, nos pondremos en contacto con el cliente por email:<\/p>\n\n\n\n<ul class=\"wp-block-list\">\n<li>En caso de que el pedido sea devuelto por un error nuestro lo reenviaremos tan pronto sea posible.<\/li>\n\n\n\n<li>Si el pedido es devuelto por no\u00a0ir a recogerlo acordaremos el reenv\u00edo del mismo. Los gastos ocasionados\u00a0son responsabilidad del cliente.<\/li>\n\n\n\n<li>Si nos es devuelto un pedido\u00a0pagado contra-reembolso, si el cliente quiere hacer un nuevo pedido tendr\u00e1 que pagarlo por anticipado.<\/li>\n<\/ul>","protected":false},"excerpt":{"rendered":"<p>WEBMENAJE&nbsp;se reserva el derecho de enviar los pedidos por el medio de trasporte m\u00e1s adecuado en cada momento seg\u00fan su criterio. Normalmente los env\u00edos se realizan a trav\u00e9s de GLS\/ASM y Envialia. Los gastos de env\u00edo no est\u00e1n incluidos y ser\u00e1n por cuenta del cliente. Estos gastos son los indicados en la web y aparecer\u00e1n &hellip; <a href=\"https:\/\/ledsolintel.com\/fr\/proceso-de-envio\/\" class=\"more-link\">Continue reading <span class=\"screen-reader-text\">Processus d'exp\u00e9dition<\/span><\/a><\/p>","protected":false},"author":1,"featured_media":0,"parent":0,"menu_order":0,"comment_status":"closed","ping_status":"closed","template":"","meta":{"footnotes":""},"class_list":["post-20","page","type-page","status-publish","hentry"],"yoast_head":"<!-- This site is optimized with the Yoast SEO plugin v26.6 - https:\/\/yoast.com\/wordpress\/plugins\/seo\/ -->\n<title>Proceso de env\u00edo - Ledsolintel<\/title>\n<meta name=\"robots\" content=\"index, follow, max-snippet:-1, max-image-preview:large, max-video-preview:-1\" \/>\n<link rel=\"canonical\" href=\"https:\/\/ledsolintel.com\/fr\/proceso-de-envio\/\" \/>\n<meta property=\"og:locale\" content=\"fr_FR\" \/>\n<meta property=\"og:type\" content=\"article\" \/>\n<meta property=\"og:title\" content=\"Proceso de env\u00edo - Ledsolintel\" \/>\n<meta property=\"og:description\" content=\"WEBMENAJE&nbsp;se reserva el derecho de enviar los pedidos por el medio de trasporte m\u00e1s adecuado en cada momento seg\u00fan su criterio. Normalmente los env\u00edos se realizan a trav\u00e9s de GLS\/ASM y Envialia. Los gastos de env\u00edo no est\u00e1n incluidos y ser\u00e1n por cuenta del cliente. Estos gastos son los indicados en la web y aparecer\u00e1n &hellip; Continue reading Proceso de env\u00edo\" \/>\n<meta property=\"og:url\" content=\"https:\/\/ledsolintel.com\/fr\/proceso-de-envio\/\" \/>\n<meta property=\"og:site_name\" content=\"Ledsolintel\" \/>\n<meta property=\"article:publisher\" content=\"http:\/\/www.facebook.com\/webmenaje\" \/>\n<meta property=\"article:modified_time\" content=\"2025-02-26T09:40:48+00:00\" \/>\n<meta name=\"twitter:card\" content=\"summary_large_image\" \/>\n<meta name=\"twitter:site\" content=\"@webmenaje\" \/>\n<meta name=\"twitter:label1\" content=\"Dur\u00e9e de lecture estim\u00e9e\" \/>\n\t<meta name=\"twitter:data1\" content=\"2 minutes\" \/>\n<script type=\"application\/ld+json\" class=\"yoast-schema-graph\">{\"@context\":\"https:\/\/schema.org\",\"@graph\":[{\"@type\":\"WebPage\",\"@id\":\"https:\/\/ledsolintel.com\/proceso-de-envio\/\",\"url\":\"https:\/\/ledsolintel.com\/proceso-de-envio\/\",\"name\":\"Proceso de env\u00edo - Ledsolintel\",\"isPartOf\":{\"@id\":\"https:\/\/ledsolintel.com\/#website\"},\"datePublished\":\"2025-02-26T09:40:21+00:00\",\"dateModified\":\"2025-02-26T09:40:48+00:00\",\"breadcrumb\":{\"@id\":\"https:\/\/ledsolintel.com\/proceso-de-envio\/#breadcrumb\"},\"inLanguage\":\"fr-FR\",\"potentialAction\":[{\"@type\":\"ReadAction\",\"target\":[\"https:\/\/ledsolintel.com\/proceso-de-envio\/\"]}]},{\"@type\":\"BreadcrumbList\",\"@id\":\"https:\/\/ledsolintel.com\/proceso-de-envio\/#breadcrumb\",\"itemListElement\":[{\"@type\":\"ListItem\",\"position\":1,\"name\":\"Portada\",\"item\":\"https:\/\/ledsolintel.com\/fr\/\"},{\"@type\":\"ListItem\",\"position\":2,\"name\":\"Proceso de env\u00edo\"}]},{\"@type\":\"WebSite\",\"@id\":\"https:\/\/ledsolintel.com\/#website\",\"url\":\"https:\/\/ledsolintel.com\/\",\"name\":\"Webmenaje\",\"description\":\"Tienda de bombillas y l\u00e1mparas LED para profesionales\",\"publisher\":{\"@id\":\"https:\/\/ledsolintel.com\/#organization\"},\"potentialAction\":[{\"@type\":\"SearchAction\",\"target\":{\"@type\":\"EntryPoint\",\"urlTemplate\":\"https:\/\/ledsolintel.com\/?s={search_term_string}\"},\"query-input\":{\"@type\":\"PropertyValueSpecification\",\"valueRequired\":true,\"valueName\":\"search_term_string\"}}],\"inLanguage\":\"fr-FR\"},{\"@type\":\"Organization\",\"@id\":\"https:\/\/ledsolintel.com\/#organization\",\"name\":\"Solintel Noroeste, S.L.\",\"url\":\"https:\/\/ledsolintel.com\/\",\"logo\":{\"@type\":\"ImageObject\",\"inLanguage\":\"fr-FR\",\"@id\":\"https:\/\/ledsolintel.com\/#\/schema\/logo\/image\/\",\"url\":\"https:\/\/ledsolintel.com\/wp-content\/uploads\/2024\/11\/webmenaje-logo-1508269066.jpg\",\"contentUrl\":\"https:\/\/ledsolintel.com\/wp-content\/uploads\/2024\/11\/webmenaje-logo-1508269066.jpg\",\"width\":370,\"height\":90,\"caption\":\"Solintel Noroeste, S.L.\"},\"image\":{\"@id\":\"https:\/\/ledsolintel.com\/#\/schema\/logo\/image\/\"},\"sameAs\":[\"http:\/\/www.facebook.com\/webmenaje\",\"https:\/\/x.com\/webmenaje\",\"https:\/\/www.youtube.com\/channel\/UCX2KoVoeCG4LocZjUc6LmSQ\",\"http:\/\/www.pinterest.com\/webmenaje\"]}]}<\/script>\n<!-- \/ Yoast SEO plugin. -->","yoast_head_json":{"title":"Proceso de env\u00edo - Ledsolintel","robots":{"index":"index","follow":"follow","max-snippet":"max-snippet:-1","max-image-preview":"max-image-preview:large","max-video-preview":"max-video-preview:-1"},"canonical":"https:\/\/ledsolintel.com\/fr\/proceso-de-envio\/","og_locale":"fr_FR","og_type":"article","og_title":"Proceso de env\u00edo - Ledsolintel","og_description":"WEBMENAJE&nbsp;se reserva el derecho de enviar los pedidos por el medio de trasporte m\u00e1s adecuado en cada momento seg\u00fan su criterio. Normalmente los env\u00edos se realizan a trav\u00e9s de GLS\/ASM y Envialia. Los gastos de env\u00edo no est\u00e1n incluidos y ser\u00e1n por cuenta del cliente. Estos gastos son los indicados en la web y aparecer\u00e1n &hellip; Continue reading Proceso de env\u00edo","og_url":"https:\/\/ledsolintel.com\/fr\/proceso-de-envio\/","og_site_name":"Ledsolintel","article_publisher":"http:\/\/www.facebook.com\/webmenaje","article_modified_time":"2025-02-26T09:40:48+00:00","twitter_card":"summary_large_image","twitter_site":"@webmenaje","twitter_misc":{"Dur\u00e9e de lecture estim\u00e9e":"2 minutes"},"schema":{"@context":"https:\/\/schema.org","@graph":[{"@type":"WebPage","@id":"https:\/\/ledsolintel.com\/proceso-de-envio\/","url":"https:\/\/ledsolintel.com\/proceso-de-envio\/","name":"Proceso de env\u00edo - Ledsolintel","isPartOf":{"@id":"https:\/\/ledsolintel.com\/#website"},"datePublished":"2025-02-26T09:40:21+00:00","dateModified":"2025-02-26T09:40:48+00:00","breadcrumb":{"@id":"https:\/\/ledsolintel.com\/proceso-de-envio\/#breadcrumb"},"inLanguage":"fr-FR","potentialAction":[{"@type":"ReadAction","target":["https:\/\/ledsolintel.com\/proceso-de-envio\/"]}]},{"@type":"BreadcrumbList","@id":"https:\/\/ledsolintel.com\/proceso-de-envio\/#breadcrumb","itemListElement":[{"@type":"ListItem","position":1,"name":"Portada","item":"https:\/\/ledsolintel.com\/fr\/"},{"@type":"ListItem","position":2,"name":"Proceso de env\u00edo"}]},{"@type":"WebSite","@id":"https:\/\/ledsolintel.com\/#website","url":"https:\/\/ledsolintel.com\/","name":"Webmenaje","description":"Magasin d'ampoules et de lampes LED pour les professionnels","publisher":{"@id":"https:\/\/ledsolintel.com\/#organization"},"potentialAction":[{"@type":"SearchAction","target":{"@type":"EntryPoint","urlTemplate":"https:\/\/ledsolintel.com\/?s={search_term_string}"},"query-input":{"@type":"PropertyValueSpecification","valueRequired":true,"valueName":"search_term_string"}}],"inLanguage":"fr-FR"},{"@type":"Organization","@id":"https:\/\/ledsolintel.com\/#organization","name":"Solintel Noroeste, S.L.","url":"https:\/\/ledsolintel.com\/","logo":{"@type":"ImageObject","inLanguage":"fr-FR","@id":"https:\/\/ledsolintel.com\/#\/schema\/logo\/image\/","url":"https:\/\/ledsolintel.com\/wp-content\/uploads\/2024\/11\/webmenaje-logo-1508269066.jpg","contentUrl":"https:\/\/ledsolintel.com\/wp-content\/uploads\/2024\/11\/webmenaje-logo-1508269066.jpg","width":370,"height":90,"caption":"Solintel Noroeste, S.L."},"image":{"@id":"https:\/\/ledsolintel.com\/#\/schema\/logo\/image\/"},"sameAs":["http:\/\/www.facebook.com\/webmenaje","https:\/\/x.com\/webmenaje","https:\/\/www.youtube.com\/channel\/UCX2KoVoeCG4LocZjUc6LmSQ","http:\/\/www.pinterest.com\/webmenaje"]}]}},"_links":{"self":[{"href":"https:\/\/ledsolintel.com\/fr\/wp-json\/wp\/v2\/pages\/20","targetHints":{"allow":["GET"]}}],"collection":[{"href":"https:\/\/ledsolintel.com\/fr\/wp-json\/wp\/v2\/pages"}],"about":[{"href":"https:\/\/ledsolintel.com\/fr\/wp-json\/wp\/v2\/types\/page"}],"author":[{"embeddable":true,"href":"https:\/\/ledsolintel.com\/fr\/wp-json\/wp\/v2\/users\/1"}],"replies":[{"embeddable":true,"href":"https:\/\/ledsolintel.com\/fr\/wp-json\/wp\/v2\/comments?post=20"}],"version-history":[{"count":0,"href":"https:\/\/ledsolintel.com\/fr\/wp-json\/wp\/v2\/pages\/20\/revisions"}],"wp:attachment":[{"href":"https:\/\/ledsolintel.com\/fr\/wp-json\/wp\/v2\/media?parent=20"}],"curies":[{"name":"wp","href":"https:\/\/api.w.org\/{rel}","templated":true}]}}