{"id":199499,"date":"2025-02-26T10:39:30","date_gmt":"2025-02-26T09:39:30","guid":{"rendered":"https:\/\/nueva.webmenaje.com\/?page_id=199499"},"modified":"2025-02-26T10:39:31","modified_gmt":"2025-02-26T09:39:31","slug":"avis-juridique","status":"publish","type":"page","link":"https:\/\/ledsolintel.com\/fr\/avis-juridique\/","title":{"rendered":"Avis juridique"},"content":{"rendered":"<p><strong>1. les donn\u00e9es d'identification<\/strong><\/p>\n\n\n\n<p>La soci\u00e9t\u00e9 propri\u00e9taire <a href=\"http:\/\/ledsolintel.com\/fr\/\">h<\/a><a href=\"http:\/\/ledsolintel.com\/fr\/\">ttp:\/\/ledsolintel.com<\/a>&nbsp;est Solintel Noroeste, S.L., dont le si\u00e8ge social est situ\u00e9 \u00e0 O Casal, 6, Santa Marta de Bab\u00edo, 15165 A Coru\u00f1a, et dont le num\u00e9ro d'identification fiscale est B70353404.<\/p>\n\n\n\n<p>REGISTRE DU COMMERCE<\/p>\n\n\n\n<p>VOLUME 3.471<\/p>\n\n\n\n<p>SECTION G\u00c9N\u00c9RALE<\/p>\n\n\n\n<p>FOLIO 195<\/p>\n\n\n\n<p>FEUILLE N\u00b0 C-49.514<\/p>\n\n\n\n<p>INSCRIPTION 1ER<\/p>\n\n\n\n<p><strong>2. Contenu du site web et liens<\/strong><\/p>\n\n\n\n<p><a href=\"http:\/\/ledsolintel.com\/fr\/\">http:\/\/ledsolintel.com<\/a> n'est pas responsable de l'utilisation abusive du contenu de notre site web, qui rel\u00e8ve de la seule responsabilit\u00e9 de la personne qui y acc\u00e8de ou l'utilise.<\/p>\n\n\n\n<p>Il n'assume pas non plus de responsabilit\u00e9 pour les informations contenues dans les sites web de tiers auxquels il est possible d'acc\u00e9der par des liens ou des moteurs de recherche \u00e0 partir du site web. <a href=\"http:\/\/ledsolintel.com\/fr\/\">http:\/\/ledsolintel.com<\/a><\/p>\n\n\n\n<p><a href=\"http:\/\/ledsolintel.com\/fr\/\">http:\/\/ledsolintel.com<\/a> d\u00e9cline toute responsabilit\u00e9 d\u00e9coulant de l'\u00e9change d'informations entre les utilisateurs par l'interm\u00e9diaire de son site web.<\/p>\n\n\n\n<p><strong>3. Mise \u00e0 jour et modification du site web<\/strong><\/p>\n\n\n\n<p><a href=\"http:\/\/ledsolintel.com\/fr\/\">http:\/\/ledsolintel.com<\/a> se r\u00e9serve le droit de mettre \u00e0 jour, de modifier ou de supprimer les informations contenues sur son site web, ainsi que leur configuration ou leur pr\u00e9sentation, \u00e0 tout moment, sans pr\u00e9avis et sans assumer aucune responsabilit\u00e9 \u00e0 cet \u00e9gard.<\/p>\n\n\n\n<p>Bien que tout soit mis en \u0153uvre pour assurer l'exactitude et la pr\u00e9cision du contenu du site, celui-ci peut contenir des erreurs ou des inexactitudes.<\/p>\n\n\n\n<p><strong>4. Traitement des donn\u00e9es des utilisateurs<\/strong><\/p>\n\n\n\n<p>Conform\u00e9ment aux dispositions de la loi organique 15\/1999, du 13 d\u00e9cembre, sur la protection des donn\u00e9es \u00e0 caract\u00e8re personnel, <a href=\"http:\/\/ledsolintel.com\/fr\/\">http:\/\/ledsolintel.com<\/a>, informe ses clients que les donn\u00e9es personnelles fournies seront incluses dans un fichier automatis\u00e9 de donn\u00e9es personnelles, cr\u00e9\u00e9 et maintenu sous la responsabilit\u00e9 de Solintel Noroeste, S.L.<\/p>\n\n\n\n<p>Le but de ce fichier est de faciliter le traitement des commandes et d'envoyer \u00e0 l'avenir des offres commerciales sur des produits et services susceptibles d'int\u00e9resser nos clients.<\/p>\n\n\n\n<p>Solintel Noroeste, S.L. garantit la s\u00e9curit\u00e9 et la confidentialit\u00e9 des donn\u00e9es fournies. Ainsi, elle s'engage \u00e0 respecter son obligation de pr\u00e9server le secret des donn\u00e9es personnelles et son devoir de les conserver et d'adopter toutes les mesures n\u00e9cessaires pour \u00e9viter leur alt\u00e9ration, leur perte, leur traitement ou leur utilisation non autoris\u00e9e. Par cons\u00e9quent, toutes les informations concernant nos clients ne seront pas utilis\u00e9es \u00e0 des fins commerciales et ne seront pas transmises \u00e0 des tiers.<\/p>\n\n\n\n<p>Les clients de ht<a href=\"http:\/\/ledsolintel.com\/fr\/\">tp:\/\/ledsolintel.com<\/a> peuvent \u00e0 tout moment exercer leurs droits d'acc\u00e8s, de rectification, d'annulation et d'opposition, en \u00e9crivant \u00e0 notre adresse \u00e9lectronique <a href=\"mailto:info@ledsolintel.com\">info@ledsolintel.com<\/a><\/p>\n\n\n\n<p>Si vous avez des commentaires ou des suggestions, vous pouvez utiliser notre adresse \u00e9lectronique <a href=\"mailto:info@ledsolintel.com\">info@ledsolintel.com<\/a><\/p>","protected":false},"excerpt":{"rendered":"<p>1. Datos identificativos La empresa titular de http:\/\/ledsolintel.com&nbsp;es Solintel Noroeste, S.L., con domicilio social en O Casal, 6, Santa Marta de Bab\u00edo, 15165 A Coru\u00f1a, con C.I.F B70353404 REGISTRO MERCANTIL TOMO 3.471 SECCION GENERAL FOLIO 195 HOJA N\u00ba C-49.514 INSCRIPCION 1\u00aa 2. Contenido de la web y enlaces http:\/\/ledsolintel.com no se responsabiliza del mal uso &hellip; <a href=\"https:\/\/ledsolintel.com\/fr\/avis-juridique\/\" class=\"more-link\">Continue reading <span class=\"screen-reader-text\">Avis juridique<\/span><\/a><\/p>","protected":false},"author":1,"featured_media":0,"parent":0,"menu_order":0,"comment_status":"closed","ping_status":"closed","template":"","meta":{"footnotes":""},"class_list":["post-199499","page","type-page","status-publish","hentry"],"yoast_head":"<!-- This site is optimized with the Yoast SEO plugin v26.6 - https:\/\/yoast.com\/wordpress\/plugins\/seo\/ -->\n<title>Aviso Legal - Ledsolintel<\/title>\n<meta name=\"robots\" content=\"index, follow, max-snippet:-1, max-image-preview:large, max-video-preview:-1\" \/>\n<link rel=\"canonical\" href=\"https:\/\/ledsolintel.com\/fr\/avis-juridique\/\" \/>\n<meta property=\"og:locale\" content=\"fr_FR\" \/>\n<meta property=\"og:type\" content=\"article\" \/>\n<meta property=\"og:title\" content=\"Aviso Legal - Ledsolintel\" \/>\n<meta property=\"og:description\" content=\"1. Datos identificativos La empresa titular de http:\/\/ledsolintel.com&nbsp;es Solintel Noroeste, S.L., con domicilio social en O Casal, 6, Santa Marta de Bab\u00edo, 15165 A Coru\u00f1a, con C.I.F B70353404 REGISTRO MERCANTIL TOMO 3.471 SECCION GENERAL FOLIO 195 HOJA N\u00ba C-49.514 INSCRIPCION 1\u00aa 2. Contenido de la web y enlaces http:\/\/ledsolintel.com no se responsabiliza del mal uso &hellip; Continue reading Aviso Legal\" \/>\n<meta property=\"og:url\" content=\"https:\/\/ledsolintel.com\/fr\/avis-juridique\/\" \/>\n<meta property=\"og:site_name\" content=\"Ledsolintel\" \/>\n<meta property=\"article:publisher\" content=\"http:\/\/www.facebook.com\/webmenaje\" \/>\n<meta property=\"article:modified_time\" content=\"2025-02-26T09:39:31+00:00\" \/>\n<meta name=\"twitter:card\" content=\"summary_large_image\" \/>\n<meta name=\"twitter:site\" content=\"@webmenaje\" \/>\n<meta name=\"twitter:label1\" content=\"Dur\u00e9e de lecture estim\u00e9e\" \/>\n\t<meta name=\"twitter:data1\" content=\"2 minutes\" \/>\n<script type=\"application\/ld+json\" class=\"yoast-schema-graph\">{\"@context\":\"https:\/\/schema.org\",\"@graph\":[{\"@type\":\"WebPage\",\"@id\":\"https:\/\/ledsolintel.com\/en\/aviso-legal\/\",\"url\":\"https:\/\/ledsolintel.com\/en\/aviso-legal\/\",\"name\":\"Aviso Legal - Ledsolintel\",\"isPartOf\":{\"@id\":\"https:\/\/ledsolintel.com\/#website\"},\"datePublished\":\"2025-02-26T09:39:30+00:00\",\"dateModified\":\"2025-02-26T09:39:31+00:00\",\"breadcrumb\":{\"@id\":\"https:\/\/ledsolintel.com\/en\/aviso-legal\/#breadcrumb\"},\"inLanguage\":\"fr-FR\",\"potentialAction\":[{\"@type\":\"ReadAction\",\"target\":[\"https:\/\/ledsolintel.com\/en\/aviso-legal\/\"]}]},{\"@type\":\"BreadcrumbList\",\"@id\":\"https:\/\/ledsolintel.com\/en\/aviso-legal\/#breadcrumb\",\"itemListElement\":[{\"@type\":\"ListItem\",\"position\":1,\"name\":\"Portada\",\"item\":\"https:\/\/ledsolintel.com\/fr\/\"},{\"@type\":\"ListItem\",\"position\":2,\"name\":\"Aviso Legal\"}]},{\"@type\":\"WebSite\",\"@id\":\"https:\/\/ledsolintel.com\/#website\",\"url\":\"https:\/\/ledsolintel.com\/\",\"name\":\"Webmenaje\",\"description\":\"Tienda de bombillas y l\u00e1mparas LED para profesionales\",\"publisher\":{\"@id\":\"https:\/\/ledsolintel.com\/#organization\"},\"potentialAction\":[{\"@type\":\"SearchAction\",\"target\":{\"@type\":\"EntryPoint\",\"urlTemplate\":\"https:\/\/ledsolintel.com\/?s={search_term_string}\"},\"query-input\":{\"@type\":\"PropertyValueSpecification\",\"valueRequired\":true,\"valueName\":\"search_term_string\"}}],\"inLanguage\":\"fr-FR\"},{\"@type\":\"Organization\",\"@id\":\"https:\/\/ledsolintel.com\/#organization\",\"name\":\"Solintel Noroeste, S.L.\",\"url\":\"https:\/\/ledsolintel.com\/\",\"logo\":{\"@type\":\"ImageObject\",\"inLanguage\":\"fr-FR\",\"@id\":\"https:\/\/ledsolintel.com\/#\/schema\/logo\/image\/\",\"url\":\"https:\/\/ledsolintel.com\/wp-content\/uploads\/2024\/11\/webmenaje-logo-1508269066.jpg\",\"contentUrl\":\"https:\/\/ledsolintel.com\/wp-content\/uploads\/2024\/11\/webmenaje-logo-1508269066.jpg\",\"width\":370,\"height\":90,\"caption\":\"Solintel Noroeste, S.L.\"},\"image\":{\"@id\":\"https:\/\/ledsolintel.com\/#\/schema\/logo\/image\/\"},\"sameAs\":[\"http:\/\/www.facebook.com\/webmenaje\",\"https:\/\/x.com\/webmenaje\",\"https:\/\/www.youtube.com\/channel\/UCX2KoVoeCG4LocZjUc6LmSQ\",\"http:\/\/www.pinterest.com\/webmenaje\"]}]}<\/script>\n<!-- \/ Yoast SEO plugin. -->","yoast_head_json":{"title":"Mentions l\u00e9gales - Ledsolintel","robots":{"index":"index","follow":"follow","max-snippet":"max-snippet:-1","max-image-preview":"max-image-preview:large","max-video-preview":"max-video-preview:-1"},"canonical":"https:\/\/ledsolintel.com\/fr\/avis-juridique\/","og_locale":"fr_FR","og_type":"article","og_title":"Aviso Legal - Ledsolintel","og_description":"1. Datos identificativos La empresa titular de http:\/\/ledsolintel.com&nbsp;es Solintel Noroeste, S.L., con domicilio social en O Casal, 6, Santa Marta de Bab\u00edo, 15165 A Coru\u00f1a, con C.I.F B70353404 REGISTRO MERCANTIL TOMO 3.471 SECCION GENERAL FOLIO 195 HOJA N\u00ba C-49.514 INSCRIPCION 1\u00aa 2. Contenido de la web y enlaces http:\/\/ledsolintel.com no se responsabiliza del mal uso &hellip; Continue reading Aviso Legal","og_url":"https:\/\/ledsolintel.com\/fr\/avis-juridique\/","og_site_name":"Ledsolintel","article_publisher":"http:\/\/www.facebook.com\/webmenaje","article_modified_time":"2025-02-26T09:39:31+00:00","twitter_card":"summary_large_image","twitter_site":"@webmenaje","twitter_misc":{"Dur\u00e9e de lecture estim\u00e9e":"2 minutes"},"schema":{"@context":"https:\/\/schema.org","@graph":[{"@type":"WebPage","@id":"https:\/\/ledsolintel.com\/en\/aviso-legal\/","url":"https:\/\/ledsolintel.com\/en\/aviso-legal\/","name":"Mentions l\u00e9gales - Ledsolintel","isPartOf":{"@id":"https:\/\/ledsolintel.com\/#website"},"datePublished":"2025-02-26T09:39:30+00:00","dateModified":"2025-02-26T09:39:31+00:00","breadcrumb":{"@id":"https:\/\/ledsolintel.com\/en\/aviso-legal\/#breadcrumb"},"inLanguage":"fr-FR","potentialAction":[{"@type":"ReadAction","target":["https:\/\/ledsolintel.com\/en\/aviso-legal\/"]}]},{"@type":"BreadcrumbList","@id":"https:\/\/ledsolintel.com\/en\/aviso-legal\/#breadcrumb","itemListElement":[{"@type":"ListItem","position":1,"name":"Portada","item":"https:\/\/ledsolintel.com\/fr\/"},{"@type":"ListItem","position":2,"name":"Aviso Legal"}]},{"@type":"WebSite","@id":"https:\/\/ledsolintel.com\/#website","url":"https:\/\/ledsolintel.com\/","name":"Webmenaje","description":"Magasin d'ampoules et de lampes LED pour les professionnels","publisher":{"@id":"https:\/\/ledsolintel.com\/#organization"},"potentialAction":[{"@type":"SearchAction","target":{"@type":"EntryPoint","urlTemplate":"https:\/\/ledsolintel.com\/?s={search_term_string}"},"query-input":{"@type":"PropertyValueSpecification","valueRequired":true,"valueName":"search_term_string"}}],"inLanguage":"fr-FR"},{"@type":"Organization","@id":"https:\/\/ledsolintel.com\/#organization","name":"Solintel Noroeste, S.L.","url":"https:\/\/ledsolintel.com\/","logo":{"@type":"ImageObject","inLanguage":"fr-FR","@id":"https:\/\/ledsolintel.com\/#\/schema\/logo\/image\/","url":"https:\/\/ledsolintel.com\/wp-content\/uploads\/2024\/11\/webmenaje-logo-1508269066.jpg","contentUrl":"https:\/\/ledsolintel.com\/wp-content\/uploads\/2024\/11\/webmenaje-logo-1508269066.jpg","width":370,"height":90,"caption":"Solintel Noroeste, S.L."},"image":{"@id":"https:\/\/ledsolintel.com\/#\/schema\/logo\/image\/"},"sameAs":["http:\/\/www.facebook.com\/webmenaje","https:\/\/x.com\/webmenaje","https:\/\/www.youtube.com\/channel\/UCX2KoVoeCG4LocZjUc6LmSQ","http:\/\/www.pinterest.com\/webmenaje"]}]}},"_links":{"self":[{"href":"https:\/\/ledsolintel.com\/fr\/wp-json\/wp\/v2\/pages\/199499","targetHints":{"allow":["GET"]}}],"collection":[{"href":"https:\/\/ledsolintel.com\/fr\/wp-json\/wp\/v2\/pages"}],"about":[{"href":"https:\/\/ledsolintel.com\/fr\/wp-json\/wp\/v2\/types\/page"}],"author":[{"embeddable":true,"href":"https:\/\/ledsolintel.com\/fr\/wp-json\/wp\/v2\/users\/1"}],"replies":[{"embeddable":true,"href":"https:\/\/ledsolintel.com\/fr\/wp-json\/wp\/v2\/comments?post=199499"}],"version-history":[{"count":0,"href":"https:\/\/ledsolintel.com\/fr\/wp-json\/wp\/v2\/pages\/199499\/revisions"}],"wp:attachment":[{"href":"https:\/\/ledsolintel.com\/fr\/wp-json\/wp\/v2\/media?parent=199499"}],"curies":[{"name":"wp","href":"https:\/\/api.w.org\/{rel}","templated":true}]}}