{"id":813,"date":"2019-10-10T07:43:51","date_gmt":"2019-10-10T07:43:51","guid":{"rendered":"https:\/\/el3.thembaydev.com\/besa2\/?page_id=813"},"modified":"2025-01-09T10:41:26","modified_gmt":"2025-01-09T09:41:26","slug":"recently-viewed-products","status":"publish","type":"page","link":"https:\/\/ledsolintel.com\/en\/recently-viewed-products\/","title":{"rendered":"Recently viewed products"},"content":{"rendered":"<div data-elementor-type=\"wp-page\" data-elementor-id=\"813\" class=\"elementor elementor-813\" data-elementor-post-type=\"page\">\n\t\t\t\t\t\t<section class=\"elementor-section elementor-top-section elementor-element elementor-element-5538dfc elementor-section-stretched elementor-section-boxed elementor-section-height-default elementor-section-height-default\" data-id=\"5538dfc\" data-element_type=\"section\" data-e-type=\"section\" data-settings=\"{&quot;stretch_section&quot;:&quot;section-stretched&quot;,&quot;background_background&quot;:&quot;classic&quot;}\">\n\t\t\t\t\t\t<div class=\"elementor-container elementor-column-gap-default\">\n\t\t\t\t\t<div class=\"elementor-column elementor-col-100 elementor-top-column elementor-element elementor-element-d8358f5\" data-id=\"d8358f5\" data-element_type=\"column\" data-e-type=\"column\" data-settings=\"{&quot;background_background&quot;:&quot;classic&quot;}\">\n\t\t\t<div class=\"elementor-widget-wrap elementor-element-populated\">\n\t\t\t\t\t\t<div class=\"elementor-element elementor-element-1d52772 elementor-product-v1 elementor-widget elementor-widget-besa-product-recently-viewed\" data-id=\"1d52772\" data-element_type=\"widget\" data-e-type=\"widget\" data-widget_type=\"besa-product-recently-viewed.default\">\n\t\t\t\t<div class=\"elementor-widget-container\">\n\t\t\t\t\t\r\n<div class=\"tbay-element tbay-element-product-recently-viewed product-recently-viewed-main products\" data-wrapper=\"{&quot;layout&quot;:&quot;main&quot;}\">\r\n\r\n    \r\n        \r\n    \r\n\t<div class=\"content-empty\">You have no recently viewed item.<\/div> \r\n<div class=\"product-recently-viewed row grid\" data-xlgdesktop=\"5\" data-desktop=\"5\" data-desktopsmall=\"4\" data-tablet=\"3\" data-landscape=\"2\" data-mobile=\"2\">\r\n\r\n     \r\n<\/div>\r\n\r\n    \r\n\r\n<\/div>\t\t\t\t<\/div>\n\t\t\t\t<\/div>\n\t\t\t\t\t<\/div>\n\t\t<\/div>\n\t\t\t\t\t<\/div>\n\t\t<\/section>\n\t\t\t\t<\/div>","protected":false},"excerpt":{"rendered":"<p>Seleccionar opciones Este producto tiene m\u00faltiples variantes. Las opciones se pueden elegir en la p\u00e1gina de producto Vista r\u00e1pida Barra Sujeci\u00f3n Notas U.P. de Lacor 0 11,00&nbsp;&euro; &ndash; 24,50&nbsp;&euro; Seleccionar opciones Este producto tiene m\u00faltiples variantes. Las opciones se pueden elegir en la p\u00e1gina de producto Vista r\u00e1pida Cacerola cuadrada FORTE de aluminio fundido de &hellip; <a href=\"https:\/\/ledsolintel.com\/en\/recently-viewed-products\/\" class=\"more-link\">Continue reading <span class=\"screen-reader-text\">Recently viewed products<\/span><\/a><\/p>","protected":false},"author":1,"featured_media":0,"parent":0,"menu_order":0,"comment_status":"closed","ping_status":"closed","template":"","meta":{"footnotes":""},"class_list":["post-813","page","type-page","status-publish","hentry"],"yoast_head":"<!-- This site is optimized with the Yoast SEO plugin v27.4 - https:\/\/yoast.com\/product\/yoast-seo-wordpress\/ -->\n<title>Productos vistos recientemente - Ledsolintel<\/title>\n<meta name=\"robots\" content=\"index, follow, max-snippet:-1, max-image-preview:large, max-video-preview:-1\" \/>\n<link rel=\"canonical\" href=\"https:\/\/ledsolintel.com\/en\/recently-viewed-products\/\" \/>\n<meta property=\"og:locale\" content=\"en_GB\" \/>\n<meta property=\"og:type\" content=\"article\" \/>\n<meta property=\"og:title\" content=\"Productos vistos recientemente - Ledsolintel\" \/>\n<meta property=\"og:description\" content=\"Seleccionar opciones Este producto tiene m\u00faltiples variantes. Las opciones se pueden elegir en la p\u00e1gina de producto Vista r\u00e1pida Barra Sujeci\u00f3n Notas U.P. de Lacor 0 11,00&nbsp;&euro; &ndash; 24,50&nbsp;&euro; Seleccionar opciones Este producto tiene m\u00faltiples variantes. Las opciones se pueden elegir en la p\u00e1gina de producto Vista r\u00e1pida Cacerola cuadrada FORTE de aluminio fundido de &hellip; Continue reading Productos vistos recientemente\" \/>\n<meta property=\"og:url\" content=\"https:\/\/ledsolintel.com\/en\/recently-viewed-products\/\" \/>\n<meta property=\"og:site_name\" content=\"Ledsolintel\" \/>\n<meta property=\"article:publisher\" content=\"http:\/\/www.facebook.com\/webmenaje\" \/>\n<meta property=\"article:modified_time\" content=\"2025-01-09T09:41:26+00:00\" \/>\n<meta property=\"og:image\" content=\"https:\/\/ledsolintel.com\/wp-content\/uploads\/2012\/11\/3055-Barra-Sujecion-Notas-U.P.-de-Lacor.jpg\" \/>\n<meta name=\"twitter:card\" content=\"summary_large_image\" \/>\n<meta name=\"twitter:site\" content=\"@webmenaje\" \/>\n<meta name=\"twitter:label1\" content=\"Estimated reading time\" \/>\n\t<meta name=\"twitter:data1\" content=\"2 minutes\" \/>\n<script type=\"application\/ld+json\" class=\"yoast-schema-graph\">{\"@context\":\"https:\\\/\\\/schema.org\",\"@graph\":[{\"@type\":\"WebPage\",\"@id\":\"https:\\\/\\\/ledsolintel.com\\\/en\\\/recently-viewed-products\\\/\",\"url\":\"https:\\\/\\\/ledsolintel.com\\\/en\\\/recently-viewed-products\\\/\",\"name\":\"Productos vistos recientemente - Ledsolintel\",\"isPartOf\":{\"@id\":\"https:\\\/\\\/ledsolintel.com\\\/#website\"},\"primaryImageOfPage\":{\"@id\":\"https:\\\/\\\/ledsolintel.com\\\/en\\\/recently-viewed-products\\\/#primaryimage\"},\"image\":{\"@id\":\"https:\\\/\\\/ledsolintel.com\\\/en\\\/recently-viewed-products\\\/#primaryimage\"},\"thumbnailUrl\":\"https:\\\/\\\/ledsolintel.com\\\/wp-content\\\/uploads\\\/2012\\\/11\\\/3055-Barra-Sujecion-Notas-U.P.-de-Lacor.jpg\",\"datePublished\":\"2019-10-10T07:43:51+00:00\",\"dateModified\":\"2025-01-09T09:41:26+00:00\",\"breadcrumb\":{\"@id\":\"https:\\\/\\\/ledsolintel.com\\\/en\\\/recently-viewed-products\\\/#breadcrumb\"},\"inLanguage\":\"en-GB\",\"potentialAction\":[{\"@type\":\"ReadAction\",\"target\":[\"https:\\\/\\\/ledsolintel.com\\\/en\\\/recently-viewed-products\\\/\"]}]},{\"@type\":\"ImageObject\",\"inLanguage\":\"en-GB\",\"@id\":\"https:\\\/\\\/ledsolintel.com\\\/en\\\/recently-viewed-products\\\/#primaryimage\",\"url\":\"https:\\\/\\\/ledsolintel.com\\\/wp-content\\\/uploads\\\/2012\\\/11\\\/3055-Barra-Sujecion-Notas-U.P.-de-Lacor.jpg\",\"contentUrl\":\"https:\\\/\\\/ledsolintel.com\\\/wp-content\\\/uploads\\\/2012\\\/11\\\/3055-Barra-Sujecion-Notas-U.P.-de-Lacor.jpg\"},{\"@type\":\"BreadcrumbList\",\"@id\":\"https:\\\/\\\/ledsolintel.com\\\/en\\\/recently-viewed-products\\\/#breadcrumb\",\"itemListElement\":[{\"@type\":\"ListItem\",\"position\":1,\"name\":\"Portada\",\"item\":\"https:\\\/\\\/ledsolintel.com\\\/fr\\\/\"},{\"@type\":\"ListItem\",\"position\":2,\"name\":\"Productos vistos recientemente\"}]},{\"@type\":\"WebSite\",\"@id\":\"https:\\\/\\\/ledsolintel.com\\\/#website\",\"url\":\"https:\\\/\\\/ledsolintel.com\\\/\",\"name\":\"Webmenaje\",\"description\":\"Tienda de bombillas y l\u00e1mparas LED para profesionales\",\"publisher\":{\"@id\":\"https:\\\/\\\/ledsolintel.com\\\/#organization\"},\"potentialAction\":[{\"@type\":\"SearchAction\",\"target\":{\"@type\":\"EntryPoint\",\"urlTemplate\":\"https:\\\/\\\/ledsolintel.com\\\/?s={search_term_string}\"},\"query-input\":{\"@type\":\"PropertyValueSpecification\",\"valueRequired\":true,\"valueName\":\"search_term_string\"}}],\"inLanguage\":\"en-GB\"},{\"@type\":\"Organization\",\"@id\":\"https:\\\/\\\/ledsolintel.com\\\/#organization\",\"name\":\"Solintel Noroeste, S.L.\",\"url\":\"https:\\\/\\\/ledsolintel.com\\\/\",\"logo\":{\"@type\":\"ImageObject\",\"inLanguage\":\"en-GB\",\"@id\":\"https:\\\/\\\/ledsolintel.com\\\/#\\\/schema\\\/logo\\\/image\\\/\",\"url\":\"https:\\\/\\\/ledsolintel.com\\\/wp-content\\\/uploads\\\/2024\\\/11\\\/webmenaje-logo-1508269066.jpg\",\"contentUrl\":\"https:\\\/\\\/ledsolintel.com\\\/wp-content\\\/uploads\\\/2024\\\/11\\\/webmenaje-logo-1508269066.jpg\",\"width\":370,\"height\":90,\"caption\":\"Solintel Noroeste, S.L.\"},\"image\":{\"@id\":\"https:\\\/\\\/ledsolintel.com\\\/#\\\/schema\\\/logo\\\/image\\\/\"},\"sameAs\":[\"http:\\\/\\\/www.facebook.com\\\/webmenaje\",\"https:\\\/\\\/x.com\\\/webmenaje\",\"https:\\\/\\\/www.youtube.com\\\/channel\\\/UCX2KoVoeCG4LocZjUc6LmSQ\",\"http:\\\/\\\/www.pinterest.com\\\/webmenaje\"]}]}<\/script>\n<!-- \/ Yoast SEO plugin. -->","yoast_head_json":{"title":"Recently Viewed Products - Ledsolintel","robots":{"index":"index","follow":"follow","max-snippet":"max-snippet:-1","max-image-preview":"max-image-preview:large","max-video-preview":"max-video-preview:-1"},"canonical":"https:\/\/ledsolintel.com\/en\/recently-viewed-products\/","og_locale":"en_GB","og_type":"article","og_title":"Productos vistos recientemente - Ledsolintel","og_description":"Seleccionar opciones Este producto tiene m\u00faltiples variantes. Las opciones se pueden elegir en la p\u00e1gina de producto Vista r\u00e1pida Barra Sujeci\u00f3n Notas U.P. de Lacor 0 11,00&nbsp;&euro; &ndash; 24,50&nbsp;&euro; Seleccionar opciones Este producto tiene m\u00faltiples variantes. Las opciones se pueden elegir en la p\u00e1gina de producto Vista r\u00e1pida Cacerola cuadrada FORTE de aluminio fundido de &hellip; Continue reading Productos vistos recientemente","og_url":"https:\/\/ledsolintel.com\/en\/recently-viewed-products\/","og_site_name":"Ledsolintel","article_publisher":"http:\/\/www.facebook.com\/webmenaje","article_modified_time":"2025-01-09T09:41:26+00:00","og_image":[{"url":"https:\/\/ledsolintel.com\/wp-content\/uploads\/2012\/11\/3055-Barra-Sujecion-Notas-U.P.-de-Lacor.jpg","type":"","width":"","height":""}],"twitter_card":"summary_large_image","twitter_site":"@webmenaje","twitter_misc":{"Estimated reading time":"2 minutes"},"schema":{"@context":"https:\/\/schema.org","@graph":[{"@type":"WebPage","@id":"https:\/\/ledsolintel.com\/en\/recently-viewed-products\/","url":"https:\/\/ledsolintel.com\/en\/recently-viewed-products\/","name":"Recently Viewed Products - Ledsolintel","isPartOf":{"@id":"https:\/\/ledsolintel.com\/#website"},"primaryImageOfPage":{"@id":"https:\/\/ledsolintel.com\/en\/recently-viewed-products\/#primaryimage"},"image":{"@id":"https:\/\/ledsolintel.com\/en\/recently-viewed-products\/#primaryimage"},"thumbnailUrl":"https:\/\/ledsolintel.com\/wp-content\/uploads\/2012\/11\/3055-Barra-Sujecion-Notas-U.P.-de-Lacor.jpg","datePublished":"2019-10-10T07:43:51+00:00","dateModified":"2025-01-09T09:41:26+00:00","breadcrumb":{"@id":"https:\/\/ledsolintel.com\/en\/recently-viewed-products\/#breadcrumb"},"inLanguage":"en-GB","potentialAction":[{"@type":"ReadAction","target":["https:\/\/ledsolintel.com\/en\/recently-viewed-products\/"]}]},{"@type":"ImageObject","inLanguage":"en-GB","@id":"https:\/\/ledsolintel.com\/en\/recently-viewed-products\/#primaryimage","url":"https:\/\/ledsolintel.com\/wp-content\/uploads\/2012\/11\/3055-Barra-Sujecion-Notas-U.P.-de-Lacor.jpg","contentUrl":"https:\/\/ledsolintel.com\/wp-content\/uploads\/2012\/11\/3055-Barra-Sujecion-Notas-U.P.-de-Lacor.jpg"},{"@type":"BreadcrumbList","@id":"https:\/\/ledsolintel.com\/en\/recently-viewed-products\/#breadcrumb","itemListElement":[{"@type":"ListItem","position":1,"name":"Portada","item":"https:\/\/ledsolintel.com\/fr\/"},{"@type":"ListItem","position":2,"name":"Productos vistos recientemente"}]},{"@type":"WebSite","@id":"https:\/\/ledsolintel.com\/#website","url":"https:\/\/ledsolintel.com\/","name":"Webmenaje","description":"LED bulbs and lamps shop for professionals","publisher":{"@id":"https:\/\/ledsolintel.com\/#organization"},"potentialAction":[{"@type":"SearchAction","target":{"@type":"EntryPoint","urlTemplate":"https:\/\/ledsolintel.com\/?s={search_term_string}"},"query-input":{"@type":"PropertyValueSpecification","valueRequired":true,"valueName":"search_term_string"}}],"inLanguage":"en-GB"},{"@type":"Organization","@id":"https:\/\/ledsolintel.com\/#organization","name":"Solintel Noroeste, S.L.","url":"https:\/\/ledsolintel.com\/","logo":{"@type":"ImageObject","inLanguage":"en-GB","@id":"https:\/\/ledsolintel.com\/#\/schema\/logo\/image\/","url":"https:\/\/ledsolintel.com\/wp-content\/uploads\/2024\/11\/webmenaje-logo-1508269066.jpg","contentUrl":"https:\/\/ledsolintel.com\/wp-content\/uploads\/2024\/11\/webmenaje-logo-1508269066.jpg","width":370,"height":90,"caption":"Solintel Noroeste, S.L."},"image":{"@id":"https:\/\/ledsolintel.com\/#\/schema\/logo\/image\/"},"sameAs":["http:\/\/www.facebook.com\/webmenaje","https:\/\/x.com\/webmenaje","https:\/\/www.youtube.com\/channel\/UCX2KoVoeCG4LocZjUc6LmSQ","http:\/\/www.pinterest.com\/webmenaje"]}]}},"_links":{"self":[{"href":"https:\/\/ledsolintel.com\/en\/wp-json\/wp\/v2\/pages\/813","targetHints":{"allow":["GET"]}}],"collection":[{"href":"https:\/\/ledsolintel.com\/en\/wp-json\/wp\/v2\/pages"}],"about":[{"href":"https:\/\/ledsolintel.com\/en\/wp-json\/wp\/v2\/types\/page"}],"author":[{"embeddable":true,"href":"https:\/\/ledsolintel.com\/en\/wp-json\/wp\/v2\/users\/1"}],"replies":[{"embeddable":true,"href":"https:\/\/ledsolintel.com\/en\/wp-json\/wp\/v2\/comments?post=813"}],"version-history":[{"count":0,"href":"https:\/\/ledsolintel.com\/en\/wp-json\/wp\/v2\/pages\/813\/revisions"}],"wp:attachment":[{"href":"https:\/\/ledsolintel.com\/en\/wp-json\/wp\/v2\/media?parent=813"}],"curies":[{"name":"wp","href":"https:\/\/api.w.org\/{rel}","templated":true}]}}