{"id":256847,"date":"2012-12-12T21:14:21","date_gmt":"2012-12-12T20:14:21","guid":{"rendered":"https:\/\/nueva.ledsolintel.com\/profesionales\/"},"modified":"2025-10-22T14:23:46","modified_gmt":"2025-10-22T12:23:46","slug":"profesionales","status":"publish","type":"page","link":"https:\/\/ledsolintel.com\/en\/profesionales\/","title":{"rendered":"Professionals"},"content":{"rendered":"<h2 style=\"text-align: justify;\">Conditions for professionals (installers, decorators, etc.)<\/h2>\n<p style=\"text-align: justify;\">If you are a professional related to lighting (installer, decorator, technician, etc...) and you are interested in working with us, you should know that we can help you:<\/p>\n<ul style=\"text-align: justify;\">\n<li>LEDSOLINTEL's prices are adapted to different types of customers. If you want to know our economic conditions, contact us by phone or by mail and we will respond quickly.<\/li>\n<\/ul>\n<ul style=\"text-align: justify;\">\n<li>LEDSOLINTEL's main suppliers are leading Spanish companies in the lighting sector, such as BENEITO &amp; FAURE; ROBLAN; ASN-LED; ECOLUX; MU\u00d1OZ E HIJOS, ALEALUZ, LUZNOR, TRQ, etc. All of them guarantee the quality and durability of their products.<\/li>\n<li>LEDSOLINTEL does not import low quality and unbranded oriental products. In the event of any problem, both LEDSOLINTEL and the manufacturers or dealers in Spain are contactable and responsive at all times.<\/li>\n<li>LEDSOLINTEL adapts its services to the needs of its customers, and undertakes to offer the most suitable products according to the budget, the installation site, its characteristics, etc.<\/li>\n<li>Lighting can turn any space into a pleasant, beautiful and well-designed place, but it can also turn it into something hostile. The use of lamps of unknown origin and quality is always a risky bet; for a similar price, LEDSOLINTEL guarantees the satisfaction of any customer by always using top brands.<\/li>\n<\/ul>\n<h4 style=\"text-align: justify;\">Contact us at<\/h4>\n<h5 style=\"text-align: justify;\">881 99 13 83<\/h5>\n<h5 style=\"text-align: justify;\">698 15 55 66<\/h5>\n<h5 style=\"text-align: justify;\">info@ledsolintel.com<\/h5>\n<p><img fetchpriority=\"high\" decoding=\"async\" class=\"aligncenter\" src=\"http:\/\/ledsolintel.com\/\/img\/cms\/profesionales.jpg\" alt=\"instaladores\" width=\"870\" height=\"450\" \/><\/p>","protected":false},"excerpt":{"rendered":"<p>Condiciones para profesionales (Instaladores, decoradores, etc.) Si es usted un profesional relacionado con la iluminaci\u00f3n (instalador, decorador, t\u00e9cnico, etc\u2026) y est\u00e1 interesado en trabajar con nosotros, debe saber que: Los precios de LEDSOLINTEL est\u00e1n adaptados para m\u00faltiples tipolog\u00edas de cliente. Si quiere conocer nuestras condiciones econ\u00f3micas, cont\u00e1ctenos por tel\u00e9fono o por correo y nosotros responderemos &hellip; <a href=\"https:\/\/ledsolintel.com\/en\/profesionales\/\" class=\"more-link\">Continue reading <span class=\"screen-reader-text\">Professionals<\/span><\/a><\/p>","protected":false},"author":1,"featured_media":0,"parent":0,"menu_order":14,"comment_status":"closed","ping_status":"closed","template":"","meta":{"footnotes":""},"class_list":["post-256847","page","type-page","status-publish","hentry"],"yoast_head":"<!-- This site is optimized with the Yoast SEO plugin v27.4 - https:\/\/yoast.com\/product\/yoast-seo-wordpress\/ -->\n<title>Profesionales<\/title>\n<meta name=\"description\" content=\"Condiciones especiales a instaladores y clientes profesionales\" \/>\n<meta name=\"robots\" content=\"index, follow, max-snippet:-1, max-image-preview:large, max-video-preview:-1\" \/>\n<link rel=\"canonical\" href=\"https:\/\/ledsolintel.com\/en\/profesionales\/\" \/>\n<meta property=\"og:locale\" content=\"en_GB\" \/>\n<meta property=\"og:type\" content=\"article\" \/>\n<meta property=\"og:title\" content=\"Profesionales\" \/>\n<meta property=\"og:description\" content=\"Condiciones especiales a instaladores y clientes profesionales\" \/>\n<meta property=\"og:url\" content=\"https:\/\/ledsolintel.com\/en\/profesionales\/\" \/>\n<meta property=\"og:site_name\" content=\"Ledsolintel\" \/>\n<meta property=\"article:publisher\" content=\"http:\/\/www.facebook.com\/webmenaje\" \/>\n<meta property=\"article:modified_time\" content=\"2025-10-22T12:23:46+00:00\" \/>\n<meta property=\"og:image\" content=\"http:\/\/ledsolintel.com\/\/img\/cms\/profesionales.jpg\" \/>\n<meta name=\"twitter:card\" content=\"summary_large_image\" \/>\n<meta name=\"twitter:site\" content=\"@webmenaje\" \/>\n<meta name=\"twitter:label1\" content=\"Estimated reading time\" \/>\n\t<meta name=\"twitter:data1\" content=\"2 minutes\" \/>\n<script type=\"application\/ld+json\" class=\"yoast-schema-graph\">{\"@context\":\"https:\\\/\\\/schema.org\",\"@graph\":[{\"@type\":\"WebPage\",\"@id\":\"https:\\\/\\\/ledsolintel.com\\\/fr\\\/profesionales\\\/\",\"url\":\"https:\\\/\\\/ledsolintel.com\\\/fr\\\/profesionales\\\/\",\"name\":\"Profesionales\",\"isPartOf\":{\"@id\":\"https:\\\/\\\/ledsolintel.com\\\/#website\"},\"primaryImageOfPage\":{\"@id\":\"https:\\\/\\\/ledsolintel.com\\\/fr\\\/profesionales\\\/#primaryimage\"},\"image\":{\"@id\":\"https:\\\/\\\/ledsolintel.com\\\/fr\\\/profesionales\\\/#primaryimage\"},\"thumbnailUrl\":\"http:\\\/\\\/ledsolintel.com\\\/\\\/img\\\/cms\\\/profesionales.jpg\",\"datePublished\":\"2012-12-12T20:14:21+00:00\",\"dateModified\":\"2025-10-22T12:23:46+00:00\",\"description\":\"Condiciones especiales a instaladores y clientes profesionales\",\"breadcrumb\":{\"@id\":\"https:\\\/\\\/ledsolintel.com\\\/fr\\\/profesionales\\\/#breadcrumb\"},\"inLanguage\":\"en-GB\",\"potentialAction\":[{\"@type\":\"ReadAction\",\"target\":[\"https:\\\/\\\/ledsolintel.com\\\/fr\\\/profesionales\\\/\"]}]},{\"@type\":\"ImageObject\",\"inLanguage\":\"en-GB\",\"@id\":\"https:\\\/\\\/ledsolintel.com\\\/fr\\\/profesionales\\\/#primaryimage\",\"url\":\"http:\\\/\\\/ledsolintel.com\\\/\\\/img\\\/cms\\\/profesionales.jpg\",\"contentUrl\":\"http:\\\/\\\/ledsolintel.com\\\/\\\/img\\\/cms\\\/profesionales.jpg\"},{\"@type\":\"BreadcrumbList\",\"@id\":\"https:\\\/\\\/ledsolintel.com\\\/fr\\\/profesionales\\\/#breadcrumb\",\"itemListElement\":[{\"@type\":\"ListItem\",\"position\":1,\"name\":\"Portada\",\"item\":\"https:\\\/\\\/ledsolintel.com\\\/fr\\\/\"},{\"@type\":\"ListItem\",\"position\":2,\"name\":\"Profesionales\"}]},{\"@type\":\"WebSite\",\"@id\":\"https:\\\/\\\/ledsolintel.com\\\/#website\",\"url\":\"https:\\\/\\\/ledsolintel.com\\\/\",\"name\":\"Webmenaje\",\"description\":\"Tienda de bombillas y l\u00e1mparas LED para profesionales\",\"publisher\":{\"@id\":\"https:\\\/\\\/ledsolintel.com\\\/#organization\"},\"potentialAction\":[{\"@type\":\"SearchAction\",\"target\":{\"@type\":\"EntryPoint\",\"urlTemplate\":\"https:\\\/\\\/ledsolintel.com\\\/?s={search_term_string}\"},\"query-input\":{\"@type\":\"PropertyValueSpecification\",\"valueRequired\":true,\"valueName\":\"search_term_string\"}}],\"inLanguage\":\"en-GB\"},{\"@type\":\"Organization\",\"@id\":\"https:\\\/\\\/ledsolintel.com\\\/#organization\",\"name\":\"Solintel Noroeste, S.L.\",\"url\":\"https:\\\/\\\/ledsolintel.com\\\/\",\"logo\":{\"@type\":\"ImageObject\",\"inLanguage\":\"en-GB\",\"@id\":\"https:\\\/\\\/ledsolintel.com\\\/#\\\/schema\\\/logo\\\/image\\\/\",\"url\":\"https:\\\/\\\/ledsolintel.com\\\/wp-content\\\/uploads\\\/2024\\\/11\\\/webmenaje-logo-1508269066.jpg\",\"contentUrl\":\"https:\\\/\\\/ledsolintel.com\\\/wp-content\\\/uploads\\\/2024\\\/11\\\/webmenaje-logo-1508269066.jpg\",\"width\":370,\"height\":90,\"caption\":\"Solintel Noroeste, S.L.\"},\"image\":{\"@id\":\"https:\\\/\\\/ledsolintel.com\\\/#\\\/schema\\\/logo\\\/image\\\/\"},\"sameAs\":[\"http:\\\/\\\/www.facebook.com\\\/webmenaje\",\"https:\\\/\\\/x.com\\\/webmenaje\",\"https:\\\/\\\/www.youtube.com\\\/channel\\\/UCX2KoVoeCG4LocZjUc6LmSQ\",\"http:\\\/\\\/www.pinterest.com\\\/webmenaje\"]}]}<\/script>\n<!-- \/ Yoast SEO plugin. -->","yoast_head_json":{"title":"Professionals","description":"Condiciones especiales a instaladores y clientes profesionales","robots":{"index":"index","follow":"follow","max-snippet":"max-snippet:-1","max-image-preview":"max-image-preview:large","max-video-preview":"max-video-preview:-1"},"canonical":"https:\/\/ledsolintel.com\/en\/profesionales\/","og_locale":"en_GB","og_type":"article","og_title":"Profesionales","og_description":"Condiciones especiales a instaladores y clientes profesionales","og_url":"https:\/\/ledsolintel.com\/en\/profesionales\/","og_site_name":"Ledsolintel","article_publisher":"http:\/\/www.facebook.com\/webmenaje","article_modified_time":"2025-10-22T12:23:46+00:00","og_image":[{"url":"http:\/\/ledsolintel.com\/\/img\/cms\/profesionales.jpg","type":"","width":"","height":""}],"twitter_card":"summary_large_image","twitter_site":"@webmenaje","twitter_misc":{"Estimated reading time":"2 minutes"},"schema":{"@context":"https:\/\/schema.org","@graph":[{"@type":"WebPage","@id":"https:\/\/ledsolintel.com\/fr\/profesionales\/","url":"https:\/\/ledsolintel.com\/fr\/profesionales\/","name":"Professionals","isPartOf":{"@id":"https:\/\/ledsolintel.com\/#website"},"primaryImageOfPage":{"@id":"https:\/\/ledsolintel.com\/fr\/profesionales\/#primaryimage"},"image":{"@id":"https:\/\/ledsolintel.com\/fr\/profesionales\/#primaryimage"},"thumbnailUrl":"http:\/\/ledsolintel.com\/\/img\/cms\/profesionales.jpg","datePublished":"2012-12-12T20:14:21+00:00","dateModified":"2025-10-22T12:23:46+00:00","description":"Condiciones especiales a instaladores y clientes profesionales","breadcrumb":{"@id":"https:\/\/ledsolintel.com\/fr\/profesionales\/#breadcrumb"},"inLanguage":"en-GB","potentialAction":[{"@type":"ReadAction","target":["https:\/\/ledsolintel.com\/fr\/profesionales\/"]}]},{"@type":"ImageObject","inLanguage":"en-GB","@id":"https:\/\/ledsolintel.com\/fr\/profesionales\/#primaryimage","url":"http:\/\/ledsolintel.com\/\/img\/cms\/profesionales.jpg","contentUrl":"http:\/\/ledsolintel.com\/\/img\/cms\/profesionales.jpg"},{"@type":"BreadcrumbList","@id":"https:\/\/ledsolintel.com\/fr\/profesionales\/#breadcrumb","itemListElement":[{"@type":"ListItem","position":1,"name":"Portada","item":"https:\/\/ledsolintel.com\/fr\/"},{"@type":"ListItem","position":2,"name":"Profesionales"}]},{"@type":"WebSite","@id":"https:\/\/ledsolintel.com\/#website","url":"https:\/\/ledsolintel.com\/","name":"Webmenaje","description":"LED bulbs and lamps shop for professionals","publisher":{"@id":"https:\/\/ledsolintel.com\/#organization"},"potentialAction":[{"@type":"SearchAction","target":{"@type":"EntryPoint","urlTemplate":"https:\/\/ledsolintel.com\/?s={search_term_string}"},"query-input":{"@type":"PropertyValueSpecification","valueRequired":true,"valueName":"search_term_string"}}],"inLanguage":"en-GB"},{"@type":"Organization","@id":"https:\/\/ledsolintel.com\/#organization","name":"Solintel Noroeste, S.L.","url":"https:\/\/ledsolintel.com\/","logo":{"@type":"ImageObject","inLanguage":"en-GB","@id":"https:\/\/ledsolintel.com\/#\/schema\/logo\/image\/","url":"https:\/\/ledsolintel.com\/wp-content\/uploads\/2024\/11\/webmenaje-logo-1508269066.jpg","contentUrl":"https:\/\/ledsolintel.com\/wp-content\/uploads\/2024\/11\/webmenaje-logo-1508269066.jpg","width":370,"height":90,"caption":"Solintel Noroeste, S.L."},"image":{"@id":"https:\/\/ledsolintel.com\/#\/schema\/logo\/image\/"},"sameAs":["http:\/\/www.facebook.com\/webmenaje","https:\/\/x.com\/webmenaje","https:\/\/www.youtube.com\/channel\/UCX2KoVoeCG4LocZjUc6LmSQ","http:\/\/www.pinterest.com\/webmenaje"]}]}},"_links":{"self":[{"href":"https:\/\/ledsolintel.com\/en\/wp-json\/wp\/v2\/pages\/256847","targetHints":{"allow":["GET"]}}],"collection":[{"href":"https:\/\/ledsolintel.com\/en\/wp-json\/wp\/v2\/pages"}],"about":[{"href":"https:\/\/ledsolintel.com\/en\/wp-json\/wp\/v2\/types\/page"}],"author":[{"embeddable":true,"href":"https:\/\/ledsolintel.com\/en\/wp-json\/wp\/v2\/users\/1"}],"replies":[{"embeddable":true,"href":"https:\/\/ledsolintel.com\/en\/wp-json\/wp\/v2\/comments?post=256847"}],"version-history":[{"count":1,"href":"https:\/\/ledsolintel.com\/en\/wp-json\/wp\/v2\/pages\/256847\/revisions"}],"predecessor-version":[{"id":256900,"href":"https:\/\/ledsolintel.com\/en\/wp-json\/wp\/v2\/pages\/256847\/revisions\/256900"}],"wp:attachment":[{"href":"https:\/\/ledsolintel.com\/en\/wp-json\/wp\/v2\/media?parent=256847"}],"curies":[{"name":"wp","href":"https:\/\/api.w.org\/{rel}","templated":true}]}}