{"id":256843,"date":"2012-12-12T21:14:21","date_gmt":"2012-12-12T20:14:21","guid":{"rendered":"https:\/\/nueva.ledsolintel.com\/led-cob-de-ultima-generacion\/"},"modified":"2012-12-12T21:14:21","modified_gmt":"2012-12-12T20:14:21","slug":"led-cob-de-ultima-generacion","status":"publish","type":"page","link":"https:\/\/ledsolintel.com\/en\/led-cob-de-ultima-generacion\/","title":{"rendered":"LED COB de \u00faltima generaci\u00f3n"},"content":{"rendered":"<div>\n<h2 style=\"text-align: center;\" align=\"center\">DIFERENCIAS ENTRE LED SMD Y LED COB DE \u00daLTIMA GENERACI\u00d3N<\/h2>\n<p>\u00a0<\/p>\n<\/p><\/div>\n<h3 style=\"text-align: center;\">SMD LED<\/h3>\n<p><img fetchpriority=\"high\" decoding=\"async\" title=\"SMD LED\" src=\"http:\/\/ledsolintel.com\/img\/cms\/led-smd.jpg\" alt=\"\" width=\"300\" height=\"300\" \/><\/p>\n<p>\u00a0<\/p>\n<ul>\n<li>\n<div style=\"text-align: justify;\">Menor luminosidad (50 a 70 l\u00famenes\/watt)<\/div>\n<\/li>\n<li>\n<div style=\"text-align: justify;\">Costes de fabricaci\u00f3n altos. No es\u00a0 f\u00e1cil de instalar. Mano de obra especializada.<\/div>\n<\/li>\n<li>\n<div style=\"text-align: justify;\">Elevado \u00edndice de mantenimiento.<\/div>\n<\/li>\n<li>\n<div style=\"text-align: justify;\">En las juntas del led con la base se producen altas temperaturas que da\u00f1an la l\u00e1mpara<\/div>\n<\/li>\n<li>\n<div style=\"text-align: justify;\">Las variaciones de la corriente pueden da\u00f1ar los led SMD f\u00e1cilmente.<\/div>\n<\/li>\n<li>\n<div style=\"text-align: justify;\">Tienen m\u00e1s facilidad de estropearse y dejar de emitir luz.<\/div>\n<\/li>\n<li>\n<div style=\"text-align: justify;\">Irradian m\u00e1s calor que los COB y necesitan mejores disipadores del calor.<\/div>\n<\/li>\n<li>\n<div style=\"text-align: justify;\">un fallo en uno de los leds puede transmitirse al resto de los led de la l\u00e1mpara<\/div>\n<\/li>\n<li>\n<div style=\"text-align: justify;\">un led smd da\u00f1ado produce un efecto no deseado al observar \u00a0la l\u00e1mpara<\/div>\n<\/li>\n<li>\n<div style=\"text-align: justify;\">Un led SMD tiene una peque\u00f1a superficie de fijaci\u00f3n, lo que produce menor disipaci\u00f3n del calor y una mayor facilidad para las aver\u00edas<\/div>\n<\/li>\n<li>\n<div style=\"text-align: justify;\">el led SMD emite luz unidireccional exclusivamente, lo que suele ser insuficiente en iluminaci\u00f3n general, iluminaci\u00f3n de viales, etc.<\/div>\n<\/li>\n<li>\n<div style=\"text-align: justify;\">Radiaci\u00f3n de ondas no luminosas directa y m\u00e1s peligrosa.<\/div>\n<\/li>\n<li>\n<div style=\"text-align: justify;\">Si no lleva lente de protecci\u00f3n, puede producir deslumbramientos.<\/div>\n<\/li>\n<li>\n<div style=\"text-align: justify;\">no soporta sacudidas o golpes<\/div>\n<\/li>\n<li>\n<div style=\"text-align: justify;\">le afectan el agua y las tormentas<\/div>\n<\/li>\n<li>\n<div style=\"text-align: justify;\">aunque tengan un grado de protecci\u00f3n alto, es dificil reducir los efectos adversos de la alta temperatura en la union.<\/div>\n<\/li>\n<li>\n<div style=\"text-align: justify;\">Un \u00a0led SMD que no disipe bien\u00a0 el calor puede producir: que se exceda la temperatura permitida en la zona de la uni\u00f3n con la base, deteriorando la l\u00e1mpara.<\/div>\n<\/li>\n<li>\n<div style=\"text-align: justify;\">Que se reduzca el rendimiento de luminosidad .<\/div>\n<\/li>\n<li>\n<div style=\"text-align: justify;\">Cambios en la longitud de onda emitida.<\/div>\n<\/li>\n<li>\n<div style=\"text-align: justify;\">cambios en el brillo y color de la luz emitida.<\/div>\n<\/li>\n<li>\n<div style=\"text-align: justify;\">E, incluso, la destrucci\u00f3n del chip led.<\/div>\n<\/li>\n<\/ul>\n<h3 style=\"text-align: center;\" align=\"center\">COB LED<\/h3>\n<p style=\"text-align: justify;\">\u00a0<\/p>\n<p style=\"text-align: justify;\">\u00a0<\/p>\n<p style=\"text-align: justify;\"><img decoding=\"async\" title=\"COB LED\" src=\"http:\/\/ledsolintel.com\/img\/cms\/lamparas-led-cob.jpg\" alt=\"\" width=\"552\" height=\"400\" \/><\/p>\n<p style=\"text-align: justify;\">\u00a0<\/p>\n<p style=\"text-align: justify;\">\u00a0<\/p>\n<ul>\n<li>\n<div style=\"text-align: justify;\">Mayor eficiencia lum\u00ednica, casi el doble que los SMD. (120 l\u00famen\/watio)<\/div>\n<\/li>\n<li>\n<div style=\"text-align: justify;\">F\u00e1cil de instalar. No requiere mano de obra especializada. Mucho menor \u00edndice de mantenimiento.<\/div>\n<\/li>\n<li>\n<div style=\"text-align: justify;\">Pueden soportar altas temperaturas en la uni\u00f3n con la placa base.<\/div>\n<\/li>\n<li>\n<div style=\"text-align: justify;\">Soportan grandes variaciones de la corriente. Son dif\u00edciles de fundir.<\/div>\n<\/li>\n<li>\n<div style=\"text-align: justify;\">Soportan con facilidad el mal uso y tratamiento por parte de los operarios<\/div>\n<\/li>\n<li>\n<div style=\"text-align: justify;\">Irradian mucho menos calor que los led SMD<\/div>\n<\/li>\n<li>\n<div style=\"text-align: justify;\">Al ser los costes de fabricaci\u00f3n m\u00e1s baratos que para los SMD (un 20%), se ir\u00e1 abaratando el precio de las l\u00e1mparas.<\/div>\n<\/li>\n<li>\n<div style=\"text-align: justify;\">SA diferencia de los SMD, el led COB no necesita de un circuito el\u00e9ctrico para funcionar, lo que reduce enormemente las aver\u00edas.<\/div>\n<\/li>\n<li>\n<div style=\"text-align: justify;\">Todo el panel COB emite luz, por lo que se evitan las zonas muertas producidads en los otros LEDS<\/div>\n<\/li>\n<li>\n<div style=\"text-align: justify;\">Los led COB se fijan en una base de aluminio que r\u00e1pidamente disipa el calor emitido, reduciendo la temperatura y la posibilidad de aver\u00edas por el aumento de \u00e9sta.<\/div>\n<\/li>\n<li>\n<div style=\"text-align: justify;\">Emiten luz multidireccional, lo que los hace m\u00e1s eficaces que los LED SMD.<\/div>\n<\/li>\n<li>\n<div style=\"text-align: justify;\">La gesti\u00f3n t\u00e9rmica es la adecuada. Disipan bien el calor, por lo que evitan todas las situaciones que pueden darse en caso contrario.<\/div>\n<\/li>\n<li>\n<div style=\"text-align: justify;\">Emiten radiaciones de ondas no luminosas estables y peque\u00f1as.<\/div>\n<\/li>\n<li>\n<div style=\"text-align: justify;\">Produce poco deslumbramiento, por lo que puede aumentarse la potencia de las l\u00e1mpras, sobre todo en iluminaci\u00f3n ce viales.<\/div>\n<\/li>\n<li>\n<div style=\"text-align: justify;\">Soporta golpes y sacudidas, tambi\u00e9n el agua y las tormentas.<\/div>\n<\/li>\n<\/ul>","protected":false},"excerpt":{"rendered":"<p>DIFERENCIAS ENTRE LED SMD Y LED COB DE \u00daLTIMA GENERACI\u00d3N \u00a0 LED SMD \u00a0 Menor luminosidad (50 a 70 l\u00famenes\/watt) Costes de fabricaci\u00f3n altos. No es\u00a0 f\u00e1cil de instalar. Mano de obra especializada. Elevado \u00edndice de mantenimiento. En las juntas del led con la base se producen altas temperaturas que da\u00f1an la l\u00e1mpara Las variaciones &hellip; <a href=\"https:\/\/ledsolintel.com\/en\/led-cob-de-ultima-generacion\/\" class=\"more-link\">Continue reading <span class=\"screen-reader-text\">LED COB de \u00faltima generaci\u00f3n<\/span><\/a><\/p>","protected":false},"author":1,"featured_media":0,"parent":0,"menu_order":10,"comment_status":"closed","ping_status":"closed","template":"","meta":{"footnotes":""},"class_list":["post-256843","page","type-page","status-publish","hentry"],"yoast_head":"<!-- This site is optimized with the Yoast SEO plugin v27.4 - https:\/\/yoast.com\/product\/yoast-seo-wordpress\/ -->\n<title>LED COB de \u00faltima generaci\u00f3n<\/title>\n<meta name=\"description\" content=\"LED COB de \u00faltima generaci\u00f3n, comparativa con LED SMD\" \/>\n<meta name=\"robots\" content=\"index, follow, max-snippet:-1, max-image-preview:large, max-video-preview:-1\" \/>\n<link rel=\"canonical\" href=\"https:\/\/ledsolintel.com\/en\/led-cob-de-ultima-generacion\/\" \/>\n<meta property=\"og:locale\" content=\"en_GB\" \/>\n<meta property=\"og:type\" content=\"article\" \/>\n<meta property=\"og:title\" content=\"LED COB de \u00faltima generaci\u00f3n\" \/>\n<meta property=\"og:description\" content=\"LED COB de \u00faltima generaci\u00f3n, comparativa con LED SMD\" \/>\n<meta property=\"og:url\" content=\"https:\/\/ledsolintel.com\/en\/led-cob-de-ultima-generacion\/\" \/>\n<meta property=\"og:site_name\" content=\"Ledsolintel\" \/>\n<meta property=\"article:publisher\" content=\"http:\/\/www.facebook.com\/webmenaje\" \/>\n<meta property=\"og:image\" content=\"http:\/\/ledsolintel.com\/img\/cms\/led-smd.jpg\" \/>\n<meta name=\"twitter:card\" content=\"summary_large_image\" \/>\n<meta name=\"twitter:site\" content=\"@webmenaje\" \/>\n<meta name=\"twitter:label1\" content=\"Estimated reading time\" \/>\n\t<meta name=\"twitter:data1\" content=\"3 minutes\" \/>\n<script type=\"application\/ld+json\" class=\"yoast-schema-graph\">{\"@context\":\"https:\\\/\\\/schema.org\",\"@graph\":[{\"@type\":\"WebPage\",\"@id\":\"https:\\\/\\\/ledsolintel.com\\\/led-cob-de-ultima-generacion\\\/\",\"url\":\"https:\\\/\\\/ledsolintel.com\\\/led-cob-de-ultima-generacion\\\/\",\"name\":\"LED COB de \u00faltima generaci\u00f3n\",\"isPartOf\":{\"@id\":\"https:\\\/\\\/ledsolintel.com\\\/#website\"},\"primaryImageOfPage\":{\"@id\":\"https:\\\/\\\/ledsolintel.com\\\/led-cob-de-ultima-generacion\\\/#primaryimage\"},\"image\":{\"@id\":\"https:\\\/\\\/ledsolintel.com\\\/led-cob-de-ultima-generacion\\\/#primaryimage\"},\"thumbnailUrl\":\"http:\\\/\\\/ledsolintel.com\\\/img\\\/cms\\\/led-smd.jpg\",\"datePublished\":\"2012-12-12T20:14:21+00:00\",\"description\":\"LED COB de \u00faltima generaci\u00f3n, comparativa con LED SMD\",\"breadcrumb\":{\"@id\":\"https:\\\/\\\/ledsolintel.com\\\/led-cob-de-ultima-generacion\\\/#breadcrumb\"},\"inLanguage\":\"en-GB\",\"potentialAction\":[{\"@type\":\"ReadAction\",\"target\":[\"https:\\\/\\\/ledsolintel.com\\\/led-cob-de-ultima-generacion\\\/\"]}]},{\"@type\":\"ImageObject\",\"inLanguage\":\"en-GB\",\"@id\":\"https:\\\/\\\/ledsolintel.com\\\/led-cob-de-ultima-generacion\\\/#primaryimage\",\"url\":\"http:\\\/\\\/ledsolintel.com\\\/img\\\/cms\\\/led-smd.jpg\",\"contentUrl\":\"http:\\\/\\\/ledsolintel.com\\\/img\\\/cms\\\/led-smd.jpg\"},{\"@type\":\"BreadcrumbList\",\"@id\":\"https:\\\/\\\/ledsolintel.com\\\/led-cob-de-ultima-generacion\\\/#breadcrumb\",\"itemListElement\":[{\"@type\":\"ListItem\",\"position\":1,\"name\":\"Portada\",\"item\":\"https:\\\/\\\/ledsolintel.com\\\/fr\\\/\"},{\"@type\":\"ListItem\",\"position\":2,\"name\":\"LED COB de \u00faltima generaci\u00f3n\"}]},{\"@type\":\"WebSite\",\"@id\":\"https:\\\/\\\/ledsolintel.com\\\/#website\",\"url\":\"https:\\\/\\\/ledsolintel.com\\\/\",\"name\":\"Webmenaje\",\"description\":\"Tienda de bombillas y l\u00e1mparas LED para profesionales\",\"publisher\":{\"@id\":\"https:\\\/\\\/ledsolintel.com\\\/#organization\"},\"potentialAction\":[{\"@type\":\"SearchAction\",\"target\":{\"@type\":\"EntryPoint\",\"urlTemplate\":\"https:\\\/\\\/ledsolintel.com\\\/?s={search_term_string}\"},\"query-input\":{\"@type\":\"PropertyValueSpecification\",\"valueRequired\":true,\"valueName\":\"search_term_string\"}}],\"inLanguage\":\"en-GB\"},{\"@type\":\"Organization\",\"@id\":\"https:\\\/\\\/ledsolintel.com\\\/#organization\",\"name\":\"Solintel Noroeste, S.L.\",\"url\":\"https:\\\/\\\/ledsolintel.com\\\/\",\"logo\":{\"@type\":\"ImageObject\",\"inLanguage\":\"en-GB\",\"@id\":\"https:\\\/\\\/ledsolintel.com\\\/#\\\/schema\\\/logo\\\/image\\\/\",\"url\":\"https:\\\/\\\/ledsolintel.com\\\/wp-content\\\/uploads\\\/2024\\\/11\\\/webmenaje-logo-1508269066.jpg\",\"contentUrl\":\"https:\\\/\\\/ledsolintel.com\\\/wp-content\\\/uploads\\\/2024\\\/11\\\/webmenaje-logo-1508269066.jpg\",\"width\":370,\"height\":90,\"caption\":\"Solintel Noroeste, S.L.\"},\"image\":{\"@id\":\"https:\\\/\\\/ledsolintel.com\\\/#\\\/schema\\\/logo\\\/image\\\/\"},\"sameAs\":[\"http:\\\/\\\/www.facebook.com\\\/webmenaje\",\"https:\\\/\\\/x.com\\\/webmenaje\",\"https:\\\/\\\/www.youtube.com\\\/channel\\\/UCX2KoVoeCG4LocZjUc6LmSQ\",\"http:\\\/\\\/www.pinterest.com\\\/webmenaje\"]}]}<\/script>\n<!-- \/ Yoast SEO plugin. -->","yoast_head_json":{"title":"LED COB de \u00faltima generaci\u00f3n","description":"LED COB de \u00faltima generaci\u00f3n, comparativa con LED SMD","robots":{"index":"index","follow":"follow","max-snippet":"max-snippet:-1","max-image-preview":"max-image-preview:large","max-video-preview":"max-video-preview:-1"},"canonical":"https:\/\/ledsolintel.com\/en\/led-cob-de-ultima-generacion\/","og_locale":"en_GB","og_type":"article","og_title":"LED COB de \u00faltima generaci\u00f3n","og_description":"LED COB de \u00faltima generaci\u00f3n, comparativa con LED SMD","og_url":"https:\/\/ledsolintel.com\/en\/led-cob-de-ultima-generacion\/","og_site_name":"Ledsolintel","article_publisher":"http:\/\/www.facebook.com\/webmenaje","og_image":[{"url":"http:\/\/ledsolintel.com\/img\/cms\/led-smd.jpg","type":"","width":"","height":""}],"twitter_card":"summary_large_image","twitter_site":"@webmenaje","twitter_misc":{"Estimated reading time":"3 minutes"},"schema":{"@context":"https:\/\/schema.org","@graph":[{"@type":"WebPage","@id":"https:\/\/ledsolintel.com\/led-cob-de-ultima-generacion\/","url":"https:\/\/ledsolintel.com\/led-cob-de-ultima-generacion\/","name":"LED COB de \u00faltima generaci\u00f3n","isPartOf":{"@id":"https:\/\/ledsolintel.com\/#website"},"primaryImageOfPage":{"@id":"https:\/\/ledsolintel.com\/led-cob-de-ultima-generacion\/#primaryimage"},"image":{"@id":"https:\/\/ledsolintel.com\/led-cob-de-ultima-generacion\/#primaryimage"},"thumbnailUrl":"http:\/\/ledsolintel.com\/img\/cms\/led-smd.jpg","datePublished":"2012-12-12T20:14:21+00:00","description":"LED COB de \u00faltima generaci\u00f3n, comparativa con LED SMD","breadcrumb":{"@id":"https:\/\/ledsolintel.com\/led-cob-de-ultima-generacion\/#breadcrumb"},"inLanguage":"en-GB","potentialAction":[{"@type":"ReadAction","target":["https:\/\/ledsolintel.com\/led-cob-de-ultima-generacion\/"]}]},{"@type":"ImageObject","inLanguage":"en-GB","@id":"https:\/\/ledsolintel.com\/led-cob-de-ultima-generacion\/#primaryimage","url":"http:\/\/ledsolintel.com\/img\/cms\/led-smd.jpg","contentUrl":"http:\/\/ledsolintel.com\/img\/cms\/led-smd.jpg"},{"@type":"BreadcrumbList","@id":"https:\/\/ledsolintel.com\/led-cob-de-ultima-generacion\/#breadcrumb","itemListElement":[{"@type":"ListItem","position":1,"name":"Portada","item":"https:\/\/ledsolintel.com\/fr\/"},{"@type":"ListItem","position":2,"name":"LED COB de \u00faltima generaci\u00f3n"}]},{"@type":"WebSite","@id":"https:\/\/ledsolintel.com\/#website","url":"https:\/\/ledsolintel.com\/","name":"Webmenaje","description":"LED bulbs and lamps shop for professionals","publisher":{"@id":"https:\/\/ledsolintel.com\/#organization"},"potentialAction":[{"@type":"SearchAction","target":{"@type":"EntryPoint","urlTemplate":"https:\/\/ledsolintel.com\/?s={search_term_string}"},"query-input":{"@type":"PropertyValueSpecification","valueRequired":true,"valueName":"search_term_string"}}],"inLanguage":"en-GB"},{"@type":"Organization","@id":"https:\/\/ledsolintel.com\/#organization","name":"Solintel Noroeste, S.L.","url":"https:\/\/ledsolintel.com\/","logo":{"@type":"ImageObject","inLanguage":"en-GB","@id":"https:\/\/ledsolintel.com\/#\/schema\/logo\/image\/","url":"https:\/\/ledsolintel.com\/wp-content\/uploads\/2024\/11\/webmenaje-logo-1508269066.jpg","contentUrl":"https:\/\/ledsolintel.com\/wp-content\/uploads\/2024\/11\/webmenaje-logo-1508269066.jpg","width":370,"height":90,"caption":"Solintel Noroeste, S.L."},"image":{"@id":"https:\/\/ledsolintel.com\/#\/schema\/logo\/image\/"},"sameAs":["http:\/\/www.facebook.com\/webmenaje","https:\/\/x.com\/webmenaje","https:\/\/www.youtube.com\/channel\/UCX2KoVoeCG4LocZjUc6LmSQ","http:\/\/www.pinterest.com\/webmenaje"]}]}},"_links":{"self":[{"href":"https:\/\/ledsolintel.com\/en\/wp-json\/wp\/v2\/pages\/256843","targetHints":{"allow":["GET"]}}],"collection":[{"href":"https:\/\/ledsolintel.com\/en\/wp-json\/wp\/v2\/pages"}],"about":[{"href":"https:\/\/ledsolintel.com\/en\/wp-json\/wp\/v2\/types\/page"}],"author":[{"embeddable":true,"href":"https:\/\/ledsolintel.com\/en\/wp-json\/wp\/v2\/users\/1"}],"replies":[{"embeddable":true,"href":"https:\/\/ledsolintel.com\/en\/wp-json\/wp\/v2\/comments?post=256843"}],"version-history":[{"count":0,"href":"https:\/\/ledsolintel.com\/en\/wp-json\/wp\/v2\/pages\/256843\/revisions"}],"wp:attachment":[{"href":"https:\/\/ledsolintel.com\/en\/wp-json\/wp\/v2\/media?parent=256843"}],"curies":[{"name":"wp","href":"https:\/\/api.w.org\/{rel}","templated":true}]}}