{"id":256841,"date":"2012-12-12T21:14:21","date_gmt":"2012-12-12T20:14:21","guid":{"rendered":"https:\/\/nueva.ledsolintel.com\/iluminacion-led\/"},"modified":"2012-12-12T21:14:21","modified_gmt":"2012-12-12T20:14:21","slug":"led-lighting","status":"publish","type":"page","link":"https:\/\/ledsolintel.com\/en\/led-lighting\/","title":{"rendered":"Iluminaci\u00f3n LED"},"content":{"rendered":"<h2 style=\"text-align:justify;\">Iluminaci\u00f3n LED, el presente y futuro de la iluminaci\u00f3n<\/h2>\n<p>\u00a0<\/p>\n<p style=\"text-align:justify;\">La <strong>LED lighting<\/strong> y el LED (lighting emision diode) se basa en un semiconductor de silicio de gran resistencia con ciertas impurezas (Al, As, Ge, etc) que, al ser atravesado por una peque\u00f1a corriente el\u00e9ctrica, se excita emitiendo luz; las caracter\u00edsticas de esta luz, como el color, depender\u00e1n del tipo de impurezas.<\/p>\n<p style=\"text-align:justify;\"><img fetchpriority=\"high\" decoding=\"async\" title=\"Ambientes LED 1\" src=\"https:\/\/ledsolintel.com\/img\/cms\/2.jpg\" height=\"402\" width=\"536\" alt=\"2.jpg\" \/><\/p>\n<p style=\"text-align:justify;\">\u00a0<\/p>\n<p style=\"text-align:justify;\">Las ventajas de la <strong>LED lighting<\/strong> con respecto a la iluminaci\u00f3n convencional son, entre otras:<\/p>\n<ul style=\"text-align:justify;\">\n<li>\n<ul>\n<li>DURACI\u00d3N hasta 50.000 horas, oscilando entre 4 y 20 veces por encima de las dem\u00e1s.<\/li>\n<li>REGULACI\u00d3N\u00a0 desde el 0 al 100% de su potencia, permitiendo subir y bajar la luminosidad.<\/li>\n<li>NO emite rayos UVA ni IR, nocivos y causantes del deterioro del color en los objetos entre otros perjuicios.<\/li>\n<li>NO contiene elementos contaminantes, como el mercurio.<\/li>\n<li>BAJ\u00cdSIMO CONSUMO en comparaci\u00f3n con otros sistemas.<\/li>\n<li>FUNCIONAMIENTO perfecto a bajas temperaturas ambientales.<\/li>\n<li>RESPUESTA INMEDIATA al encendido y al reencendido.<\/li>\n<li>NO PARPADEO. Menos cansancio de la vista.<\/li>\n<li>SOLUCIONES y formatos adecuados tanto\u00a0para bajas potencias (iluminaci\u00f3n dom\u00e9stica y comercial) como para altas potencias (viales, t\u00faneles, industria, etc).<\/li>\n<li>APLICACIONES de iluminaci\u00f3n como el RGB (cambio de color).<\/li>\n<\/ul>\n<\/li>\n<\/ul>\n<p>\u00a0<\/p>\n<p><img decoding=\"async\" title=\"Ambientes LED 2\" src=\"https:\/\/ledsolintel.com\/img\/cms\/3.jpg\" height=\"402\" width=\"536\" alt=\"3.jpg\" \/><\/p>\n<p>\u00a0<\/p>\n<p style=\"text-align:justify;\">La <strong>LED lighting<\/strong> en la actualidad se pueden incorporar a casi todo: casas, oficinas, industrias, edificios, restaurantes, arenas, teatros, plazas comerciales, gasolineras, calles y avenidas, estadios, conciertos, discotecas, casinos, hoteles, carreteras, luces de tr\u00e1fico o de sem\u00e1foros, se\u00f1alizaciones viales, universidades, colegios, escuelas, estacionamientos, aeropuertos, sistemas h\u00edbridos, celulares, pantallas de casa o dom\u00e9sticas, monitores, c\u00e1maras de vigilancia, supermercados, transportes (bicicletas, motocicletas, autom\u00f3viles, camiones tr\u00e1iler, etc.), en linternas de mano, para crear pantallas electr\u00f3nicas de LED (tanto informativas como publicitarias) y para cuestiones arquitect\u00f3nicas especiales o de arte culturales.<\/p>\n<p style=\"text-align:justify;\">Todas estas aplicaciones se dan gracias a su dise\u00f1o compacto. Los LED tienen la ventaja de poseer un tiempo de encendido muy corto en comparaci\u00f3n con las luminarias de alta potencia como son las luminarias de alta intensidad de vapor de sodio, aditivos met\u00e1licos, halogenuro o halogenadas y dem\u00e1s sistemas con tecnolog\u00eda incandescente.<\/p>\n<p style=\"text-align:justify;\">El uso de la <strong>LED lighting\u00a0<\/strong>(incluyendo la se\u00f1alizaci\u00f3n de tr\u00e1fico) est\u00e1 en continuo incremento, ya que sus prestaciones son superiores a las de la l\u00e1mpara incandescente y la l\u00e1mpara fluorescente.<\/p>\n<p style=\"text-align:justify;\">La <strong>iluminaci\u00f3n\u00a0LED<\/strong> presenta indudables ventajas: fiabilidad, mayor eficiencia energ\u00e9tica, mayor resistencia a las vibraciones, mejor visi\u00f3n ante diversas circunstancias de iluminaci\u00f3n, menor disipaci\u00f3n de energ\u00eda, menor riesgo para el medio ambiente, capacidad para operar de forma intermitente de modo continuo, respuesta r\u00e1pida, etc. Asimismo, con LED se pueden producir luces de diferentes colores con un rendimiento luminoso, a diferencia de muchas de las l\u00e1mparas utilizadas hasta ahora que tienen filtros para lograr un efecto similar (lo que supone una reducci\u00f3n de su eficiencia energ\u00e9tica).<\/p>\n<p style=\"text-align:justify;\">Cabe destacar tambi\u00e9n que diversas pruebas realizadas por importantes empresas y organismos han concluido que el ahorro energ\u00e9tico var\u00eda entre el 70 y el 80% respecto a la iluminaci\u00f3n tradicional que se utiliza hasta ahora. Todo ello pone de manifiesto las numerosas ventajas que los LED ofrecen en relaci\u00f3n al alumbrado p\u00fablico.<\/p>\n<p style=\"text-align:justify;\">En la actualidad se dispone de tecnolog\u00eda LED que consume el 92% menos que las l\u00e1mparas incandescentes de uso dom\u00e9stico com\u00fan y el 30% menos que la mayor\u00eda de las l\u00e1mparas fluorescentes; adem\u00e1s, estos LED pueden durar hasta 20 a\u00f1os y suponer el 200% menos de costes totales de propiedad si se comparan con las l\u00e1mparas o tubos fluorescentes convencionales. Estas caracter\u00edsticas convierten a los LED en el presente y futuro de la iluminaci\u00f3n.<\/p>\n<p style=\"text-align:justify;\">\u00a0<\/p>\n<p style=\"text-align:justify;\"><img decoding=\"async\" title=\"Ambientes LED 3\" src=\"https:\/\/ledsolintel.com\/img\/cms\/4.jpg\" height=\"402\" width=\"536\" alt=\"4.jpg\" \/><\/p>\n<p style=\"text-align:justify;\">\u00a0<\/p>\n<p style=\"text-align:justify;\">\u00a0<\/p>","protected":false},"excerpt":{"rendered":"<p>Iluminaci\u00f3n LED, el presente y futuro de la iluminaci\u00f3n \u00a0 La iluminaci\u00f3n LED y el LED (lighting emision diode) se basa en un semiconductor de silicio de gran resistencia con ciertas impurezas (Al, As, Ge, etc) que, al ser atravesado por una peque\u00f1a corriente el\u00e9ctrica, se excita emitiendo luz; las caracter\u00edsticas de esta luz, como &hellip; <a href=\"https:\/\/ledsolintel.com\/en\/led-lighting\/\" class=\"more-link\">Continue reading <span class=\"screen-reader-text\">Iluminaci\u00f3n LED<\/span><\/a><\/p>","protected":false},"author":1,"featured_media":0,"parent":0,"menu_order":8,"comment_status":"closed","ping_status":"closed","template":"","meta":{"footnotes":""},"class_list":["post-256841","page","type-page","status-publish","hentry"],"yoast_head":"<!-- This site is optimized with the Yoast SEO plugin v26.6 - https:\/\/yoast.com\/wordpress\/plugins\/seo\/ -->\n<title>Iluminaci\u00f3n LED<\/title>\n<meta name=\"description\" content=\"Iluminaci\u00f3n LED, el presente y futuro de la iluminaci\u00f3n\" \/>\n<meta name=\"robots\" content=\"index, follow, max-snippet:-1, max-image-preview:large, max-video-preview:-1\" \/>\n<link rel=\"canonical\" href=\"https:\/\/ledsolintel.com\/en\/led-lighting\/\" \/>\n<meta property=\"og:locale\" content=\"en_GB\" \/>\n<meta property=\"og:type\" content=\"article\" \/>\n<meta property=\"og:title\" content=\"Iluminaci\u00f3n LED\" \/>\n<meta property=\"og:description\" content=\"Iluminaci\u00f3n LED, el presente y futuro de la iluminaci\u00f3n\" \/>\n<meta property=\"og:url\" content=\"https:\/\/ledsolintel.com\/en\/led-lighting\/\" \/>\n<meta property=\"og:site_name\" content=\"Ledsolintel\" \/>\n<meta property=\"article:publisher\" content=\"http:\/\/www.facebook.com\/webmenaje\" \/>\n<meta property=\"og:image\" content=\"https:\/\/ledsolintel.com\/img\/cms\/2.jpg\" \/>\n<meta name=\"twitter:card\" content=\"summary_large_image\" \/>\n<meta name=\"twitter:site\" content=\"@webmenaje\" \/>\n<meta name=\"twitter:label1\" content=\"Estimated reading time\" \/>\n\t<meta name=\"twitter:data1\" content=\"3 minutes\" \/>\n<script type=\"application\/ld+json\" class=\"yoast-schema-graph\">{\"@context\":\"https:\/\/schema.org\",\"@graph\":[{\"@type\":\"WebPage\",\"@id\":\"https:\/\/ledsolintel.com\/iluminacion-led\/\",\"url\":\"https:\/\/ledsolintel.com\/iluminacion-led\/\",\"name\":\"Iluminaci\u00f3n LED\",\"isPartOf\":{\"@id\":\"https:\/\/ledsolintel.com\/#website\"},\"primaryImageOfPage\":{\"@id\":\"https:\/\/ledsolintel.com\/iluminacion-led\/#primaryimage\"},\"image\":{\"@id\":\"https:\/\/ledsolintel.com\/iluminacion-led\/#primaryimage\"},\"thumbnailUrl\":\"https:\/\/ledsolintel.com\/img\/cms\/2.jpg\",\"datePublished\":\"2012-12-12T20:14:21+00:00\",\"description\":\"Iluminaci\u00f3n LED, el presente y futuro de la iluminaci\u00f3n\",\"breadcrumb\":{\"@id\":\"https:\/\/ledsolintel.com\/iluminacion-led\/#breadcrumb\"},\"inLanguage\":\"en-GB\",\"potentialAction\":[{\"@type\":\"ReadAction\",\"target\":[\"https:\/\/ledsolintel.com\/iluminacion-led\/\"]}]},{\"@type\":\"ImageObject\",\"inLanguage\":\"en-GB\",\"@id\":\"https:\/\/ledsolintel.com\/iluminacion-led\/#primaryimage\",\"url\":\"https:\/\/ledsolintel.com\/img\/cms\/2.jpg\",\"contentUrl\":\"https:\/\/ledsolintel.com\/img\/cms\/2.jpg\"},{\"@type\":\"BreadcrumbList\",\"@id\":\"https:\/\/ledsolintel.com\/iluminacion-led\/#breadcrumb\",\"itemListElement\":[{\"@type\":\"ListItem\",\"position\":1,\"name\":\"Portada\",\"item\":\"https:\/\/ledsolintel.com\/fr\/\"},{\"@type\":\"ListItem\",\"position\":2,\"name\":\"Iluminaci\u00f3n LED\"}]},{\"@type\":\"WebSite\",\"@id\":\"https:\/\/ledsolintel.com\/#website\",\"url\":\"https:\/\/ledsolintel.com\/\",\"name\":\"Webmenaje\",\"description\":\"Tienda de bombillas y l\u00e1mparas LED para profesionales\",\"publisher\":{\"@id\":\"https:\/\/ledsolintel.com\/#organization\"},\"potentialAction\":[{\"@type\":\"SearchAction\",\"target\":{\"@type\":\"EntryPoint\",\"urlTemplate\":\"https:\/\/ledsolintel.com\/?s={search_term_string}\"},\"query-input\":{\"@type\":\"PropertyValueSpecification\",\"valueRequired\":true,\"valueName\":\"search_term_string\"}}],\"inLanguage\":\"en-GB\"},{\"@type\":\"Organization\",\"@id\":\"https:\/\/ledsolintel.com\/#organization\",\"name\":\"Solintel Noroeste, S.L.\",\"url\":\"https:\/\/ledsolintel.com\/\",\"logo\":{\"@type\":\"ImageObject\",\"inLanguage\":\"en-GB\",\"@id\":\"https:\/\/ledsolintel.com\/#\/schema\/logo\/image\/\",\"url\":\"https:\/\/ledsolintel.com\/wp-content\/uploads\/2024\/11\/webmenaje-logo-1508269066.jpg\",\"contentUrl\":\"https:\/\/ledsolintel.com\/wp-content\/uploads\/2024\/11\/webmenaje-logo-1508269066.jpg\",\"width\":370,\"height\":90,\"caption\":\"Solintel Noroeste, S.L.\"},\"image\":{\"@id\":\"https:\/\/ledsolintel.com\/#\/schema\/logo\/image\/\"},\"sameAs\":[\"http:\/\/www.facebook.com\/webmenaje\",\"https:\/\/x.com\/webmenaje\",\"https:\/\/www.youtube.com\/channel\/UCX2KoVoeCG4LocZjUc6LmSQ\",\"http:\/\/www.pinterest.com\/webmenaje\"]}]}<\/script>\n<!-- \/ Yoast SEO plugin. -->","yoast_head_json":{"title":"Iluminaci\u00f3n LED","description":"Iluminaci\u00f3n LED, el presente y futuro de la iluminaci\u00f3n","robots":{"index":"index","follow":"follow","max-snippet":"max-snippet:-1","max-image-preview":"max-image-preview:large","max-video-preview":"max-video-preview:-1"},"canonical":"https:\/\/ledsolintel.com\/en\/led-lighting\/","og_locale":"en_GB","og_type":"article","og_title":"Iluminaci\u00f3n LED","og_description":"Iluminaci\u00f3n LED, el presente y futuro de la iluminaci\u00f3n","og_url":"https:\/\/ledsolintel.com\/en\/led-lighting\/","og_site_name":"Ledsolintel","article_publisher":"http:\/\/www.facebook.com\/webmenaje","og_image":[{"url":"https:\/\/ledsolintel.com\/img\/cms\/2.jpg","type":"","width":"","height":""}],"twitter_card":"summary_large_image","twitter_site":"@webmenaje","twitter_misc":{"Estimated reading time":"3 minutes"},"schema":{"@context":"https:\/\/schema.org","@graph":[{"@type":"WebPage","@id":"https:\/\/ledsolintel.com\/iluminacion-led\/","url":"https:\/\/ledsolintel.com\/iluminacion-led\/","name":"Iluminaci\u00f3n LED","isPartOf":{"@id":"https:\/\/ledsolintel.com\/#website"},"primaryImageOfPage":{"@id":"https:\/\/ledsolintel.com\/iluminacion-led\/#primaryimage"},"image":{"@id":"https:\/\/ledsolintel.com\/iluminacion-led\/#primaryimage"},"thumbnailUrl":"https:\/\/ledsolintel.com\/img\/cms\/2.jpg","datePublished":"2012-12-12T20:14:21+00:00","description":"Iluminaci\u00f3n LED, el presente y futuro de la iluminaci\u00f3n","breadcrumb":{"@id":"https:\/\/ledsolintel.com\/iluminacion-led\/#breadcrumb"},"inLanguage":"en-GB","potentialAction":[{"@type":"ReadAction","target":["https:\/\/ledsolintel.com\/iluminacion-led\/"]}]},{"@type":"ImageObject","inLanguage":"en-GB","@id":"https:\/\/ledsolintel.com\/iluminacion-led\/#primaryimage","url":"https:\/\/ledsolintel.com\/img\/cms\/2.jpg","contentUrl":"https:\/\/ledsolintel.com\/img\/cms\/2.jpg"},{"@type":"BreadcrumbList","@id":"https:\/\/ledsolintel.com\/iluminacion-led\/#breadcrumb","itemListElement":[{"@type":"ListItem","position":1,"name":"Portada","item":"https:\/\/ledsolintel.com\/fr\/"},{"@type":"ListItem","position":2,"name":"Iluminaci\u00f3n LED"}]},{"@type":"WebSite","@id":"https:\/\/ledsolintel.com\/#website","url":"https:\/\/ledsolintel.com\/","name":"Webmenaje","description":"LED bulbs and lamps shop for professionals","publisher":{"@id":"https:\/\/ledsolintel.com\/#organization"},"potentialAction":[{"@type":"SearchAction","target":{"@type":"EntryPoint","urlTemplate":"https:\/\/ledsolintel.com\/?s={search_term_string}"},"query-input":{"@type":"PropertyValueSpecification","valueRequired":true,"valueName":"search_term_string"}}],"inLanguage":"en-GB"},{"@type":"Organization","@id":"https:\/\/ledsolintel.com\/#organization","name":"Solintel Noroeste, S.L.","url":"https:\/\/ledsolintel.com\/","logo":{"@type":"ImageObject","inLanguage":"en-GB","@id":"https:\/\/ledsolintel.com\/#\/schema\/logo\/image\/","url":"https:\/\/ledsolintel.com\/wp-content\/uploads\/2024\/11\/webmenaje-logo-1508269066.jpg","contentUrl":"https:\/\/ledsolintel.com\/wp-content\/uploads\/2024\/11\/webmenaje-logo-1508269066.jpg","width":370,"height":90,"caption":"Solintel Noroeste, S.L."},"image":{"@id":"https:\/\/ledsolintel.com\/#\/schema\/logo\/image\/"},"sameAs":["http:\/\/www.facebook.com\/webmenaje","https:\/\/x.com\/webmenaje","https:\/\/www.youtube.com\/channel\/UCX2KoVoeCG4LocZjUc6LmSQ","http:\/\/www.pinterest.com\/webmenaje"]}]}},"_links":{"self":[{"href":"https:\/\/ledsolintel.com\/en\/wp-json\/wp\/v2\/pages\/256841","targetHints":{"allow":["GET"]}}],"collection":[{"href":"https:\/\/ledsolintel.com\/en\/wp-json\/wp\/v2\/pages"}],"about":[{"href":"https:\/\/ledsolintel.com\/en\/wp-json\/wp\/v2\/types\/page"}],"author":[{"embeddable":true,"href":"https:\/\/ledsolintel.com\/en\/wp-json\/wp\/v2\/users\/1"}],"replies":[{"embeddable":true,"href":"https:\/\/ledsolintel.com\/en\/wp-json\/wp\/v2\/comments?post=256841"}],"version-history":[{"count":0,"href":"https:\/\/ledsolintel.com\/en\/wp-json\/wp\/v2\/pages\/256841\/revisions"}],"wp:attachment":[{"href":"https:\/\/ledsolintel.com\/en\/wp-json\/wp\/v2\/media?parent=256841"}],"curies":[{"name":"wp","href":"https:\/\/api.w.org\/{rel}","templated":true}]}}