{"id":256840,"date":"2012-12-12T21:14:21","date_gmt":"2012-12-12T20:14:21","guid":{"rendered":"https:\/\/nueva.ledsolintel.com\/quienes-somos\/"},"modified":"2025-10-22T12:38:01","modified_gmt":"2025-10-22T10:38:01","slug":"who-we-are","status":"publish","type":"page","link":"https:\/\/ledsolintel.com\/en\/who-we-are\/","title":{"rendered":"Who we are"},"content":{"rendered":"<h3>Our principles<\/h3>\n<p>LEDSOLINTEL was created in response to the lack of attention that the LED lighting market is giving to the digital sphere. Our staff is made up of both lighting specialists and experts in online sales, and their combination gives rise to the three principles on which LEDSOLINTEL is based:<\/p>\n<p style=\"text-align: justify;\">\n<ul>\n<li>Providing quality lighting to suit the specific needs of your home or business.<\/li>\n<\/ul>\n<ul>\n<li>Reduce the cost of your electricity consumption by 60 to 80%, contributing both to economic savings and to the maintenance of the environment.<\/li>\n<\/ul>\n<ul>\n<li>Facilitate multiple channels of communication with the customer that eliminate the impersonality of digital commerce and allow us to advise them and answer their queries.<\/li>\n<\/ul>\n<h3 style=\"text-align: justify;\">Our products<\/h3>\n<p style=\"text-align: justify;\">At LEDSOLINTEL we are constantly on the lookout for new products on the market to ensure that our products are always the most suitable in terms of quality of light and energy efficiency. We only work with European brands or European importers whose quality is more than proven and who offer guarantees to the customer in case the material is defective.<\/p>\n<h3 style=\"text-align: justify;\">What you can expect from us<\/h3>\n<ul>\n<li>We guarantee a fast and personalised service. If you are not a professional or are lost among the numerous (and often confusing) options in the field of lighting, just contact us by phone, whatsapp or email and tell us your case, and we will make sure to solve all your doubts.<\/li>\n<\/ul>\n<ul style=\"text-align: justify;\">\n<li>If necessary, we offer the possibility of carrying out a study of the current lighting and electricity consumption of your home or business, and of proposing the lighting plan that best suits your budget and your lighting needs.<\/li>\n<\/ul>\n<ul style=\"text-align: justify;\">\n<li>We offer you absolute transparency about the characteristics of our products, their guarantees, our prices and the status of your order.<\/li>\n<\/ul>\n<ul style=\"text-align: justify;\">\n<li>Transport to anywhere in the world. We specialise in trade with Europe.<\/li>\n<\/ul>\n<h3>What you get with your purchase<\/h3>\n<p>By using our products, your electricity bill will be reduced by up to 80% without any loss of brightness. This is decisive for residential and office buildings and commercial premises, where electricity costs are often very high, but it also helps to save money in small households. Thanks to the long life of our bulbs and their lower energy consumption, they are extremely cost-effective products, the purchase of which pays for itself in the first 2 to 3 years of use.<\/p>\n<p>In addition to the economic aspect, by switching to efficient lighting you will be reducing your energy needs and therefore reducing the use of fossil and nuclear fuels and helping to alleviate the environmental impact that humans are causing. With a gesture as simple as changing a light bulb, you are doing your bit for a greener and more sustainable future.<\/p>\n<p style=\"text-align: justify;\"><img fetchpriority=\"high\" decoding=\"async\" src=\"https:\/\/ledsolintel.com\/img\/cms\/casa-iluminada-led.jpg\" alt=\"house-illuminated-led.jpg\" width=\"870\" height=\"580\" \/><\/p>","protected":false},"excerpt":{"rendered":"<p>Nuestros principios LEDSOLINTEL surge como respuesta a la escasa atenci\u00f3n que el mercado de la iluminaci\u00f3n LED est\u00e1\u00a0dando al \u00e1mbito digital. Nuestra plantilla est\u00e1 compuesta tanto por especialistas en iluminaci\u00f3n como por expertos en la venta online, y de su combinaci\u00f3n surgen los tres principios sobre los que se\u00a0fundamenta LEDSOLINTEL: Ofrecer una iluminaci\u00f3n de calidad &hellip; <a href=\"https:\/\/ledsolintel.com\/en\/who-we-are\/\" class=\"more-link\">Continue reading <span class=\"screen-reader-text\">Who we are<\/span><\/a><\/p>","protected":false},"author":1,"featured_media":0,"parent":0,"menu_order":7,"comment_status":"closed","ping_status":"closed","template":"","meta":{"footnotes":""},"class_list":["post-256840","page","type-page","status-publish","hentry"],"yoast_head":"<!-- This site is optimized with the Yoast SEO plugin v26.6 - https:\/\/yoast.com\/wordpress\/plugins\/seo\/ -->\n<title>qui\u00e9nes somos<\/title>\n<meta name=\"description\" content=\"Grupo de personas que forman el equipo de ledsolintel\" \/>\n<meta name=\"robots\" content=\"index, follow, max-snippet:-1, max-image-preview:large, max-video-preview:-1\" \/>\n<link rel=\"canonical\" href=\"https:\/\/ledsolintel.com\/en\/who-we-are\/\" \/>\n<meta property=\"og:locale\" content=\"en_GB\" \/>\n<meta property=\"og:type\" content=\"article\" \/>\n<meta property=\"og:title\" content=\"qui\u00e9nes somos\" \/>\n<meta property=\"og:description\" content=\"Grupo de personas que forman el equipo de ledsolintel\" \/>\n<meta property=\"og:url\" content=\"https:\/\/ledsolintel.com\/en\/who-we-are\/\" \/>\n<meta property=\"og:site_name\" content=\"Ledsolintel\" \/>\n<meta property=\"article:publisher\" content=\"http:\/\/www.facebook.com\/webmenaje\" \/>\n<meta property=\"article:modified_time\" content=\"2025-10-22T10:38:01+00:00\" \/>\n<meta property=\"og:image\" content=\"https:\/\/ledsolintel.com\/img\/cms\/casa-iluminada-led.jpg\" \/>\n<meta name=\"twitter:card\" content=\"summary_large_image\" \/>\n<meta name=\"twitter:site\" content=\"@webmenaje\" \/>\n<meta name=\"twitter:label1\" content=\"Estimated reading time\" \/>\n\t<meta name=\"twitter:data1\" content=\"3 minutes\" \/>\n<script type=\"application\/ld+json\" class=\"yoast-schema-graph\">{\"@context\":\"https:\/\/schema.org\",\"@graph\":[{\"@type\":\"WebPage\",\"@id\":\"https:\/\/ledsolintel.com\/quienes-somos\/\",\"url\":\"https:\/\/ledsolintel.com\/quienes-somos\/\",\"name\":\"qui\u00e9nes somos\",\"isPartOf\":{\"@id\":\"https:\/\/ledsolintel.com\/#website\"},\"primaryImageOfPage\":{\"@id\":\"https:\/\/ledsolintel.com\/quienes-somos\/#primaryimage\"},\"image\":{\"@id\":\"https:\/\/ledsolintel.com\/quienes-somos\/#primaryimage\"},\"thumbnailUrl\":\"https:\/\/ledsolintel.com\/img\/cms\/casa-iluminada-led.jpg\",\"datePublished\":\"2012-12-12T20:14:21+00:00\",\"dateModified\":\"2025-10-22T10:38:01+00:00\",\"description\":\"Grupo de personas que forman el equipo de ledsolintel\",\"breadcrumb\":{\"@id\":\"https:\/\/ledsolintel.com\/quienes-somos\/#breadcrumb\"},\"inLanguage\":\"en-GB\",\"potentialAction\":[{\"@type\":\"ReadAction\",\"target\":[\"https:\/\/ledsolintel.com\/quienes-somos\/\"]}]},{\"@type\":\"ImageObject\",\"inLanguage\":\"en-GB\",\"@id\":\"https:\/\/ledsolintel.com\/quienes-somos\/#primaryimage\",\"url\":\"https:\/\/ledsolintel.com\/img\/cms\/casa-iluminada-led.jpg\",\"contentUrl\":\"https:\/\/ledsolintel.com\/img\/cms\/casa-iluminada-led.jpg\"},{\"@type\":\"BreadcrumbList\",\"@id\":\"https:\/\/ledsolintel.com\/quienes-somos\/#breadcrumb\",\"itemListElement\":[{\"@type\":\"ListItem\",\"position\":1,\"name\":\"Portada\",\"item\":\"https:\/\/ledsolintel.com\/fr\/\"},{\"@type\":\"ListItem\",\"position\":2,\"name\":\"Qui\u00e9nes somos\"}]},{\"@type\":\"WebSite\",\"@id\":\"https:\/\/ledsolintel.com\/#website\",\"url\":\"https:\/\/ledsolintel.com\/\",\"name\":\"Webmenaje\",\"description\":\"Tienda de bombillas y l\u00e1mparas LED para profesionales\",\"publisher\":{\"@id\":\"https:\/\/ledsolintel.com\/#organization\"},\"potentialAction\":[{\"@type\":\"SearchAction\",\"target\":{\"@type\":\"EntryPoint\",\"urlTemplate\":\"https:\/\/ledsolintel.com\/?s={search_term_string}\"},\"query-input\":{\"@type\":\"PropertyValueSpecification\",\"valueRequired\":true,\"valueName\":\"search_term_string\"}}],\"inLanguage\":\"en-GB\"},{\"@type\":\"Organization\",\"@id\":\"https:\/\/ledsolintel.com\/#organization\",\"name\":\"Solintel Noroeste, S.L.\",\"url\":\"https:\/\/ledsolintel.com\/\",\"logo\":{\"@type\":\"ImageObject\",\"inLanguage\":\"en-GB\",\"@id\":\"https:\/\/ledsolintel.com\/#\/schema\/logo\/image\/\",\"url\":\"https:\/\/ledsolintel.com\/wp-content\/uploads\/2024\/11\/webmenaje-logo-1508269066.jpg\",\"contentUrl\":\"https:\/\/ledsolintel.com\/wp-content\/uploads\/2024\/11\/webmenaje-logo-1508269066.jpg\",\"width\":370,\"height\":90,\"caption\":\"Solintel Noroeste, S.L.\"},\"image\":{\"@id\":\"https:\/\/ledsolintel.com\/#\/schema\/logo\/image\/\"},\"sameAs\":[\"http:\/\/www.facebook.com\/webmenaje\",\"https:\/\/x.com\/webmenaje\",\"https:\/\/www.youtube.com\/channel\/UCX2KoVoeCG4LocZjUc6LmSQ\",\"http:\/\/www.pinterest.com\/webmenaje\"]}]}<\/script>\n<!-- \/ Yoast SEO plugin. -->","yoast_head_json":{"title":"who we are","description":"Group of people that make up the ledsolintel team","robots":{"index":"index","follow":"follow","max-snippet":"max-snippet:-1","max-image-preview":"max-image-preview:large","max-video-preview":"max-video-preview:-1"},"canonical":"https:\/\/ledsolintel.com\/en\/who-we-are\/","og_locale":"en_GB","og_type":"article","og_title":"qui\u00e9nes somos","og_description":"Grupo de personas que forman el equipo de ledsolintel","og_url":"https:\/\/ledsolintel.com\/en\/who-we-are\/","og_site_name":"Ledsolintel","article_publisher":"http:\/\/www.facebook.com\/webmenaje","article_modified_time":"2025-10-22T10:38:01+00:00","og_image":[{"url":"https:\/\/ledsolintel.com\/img\/cms\/casa-iluminada-led.jpg","type":"","width":"","height":""}],"twitter_card":"summary_large_image","twitter_site":"@webmenaje","twitter_misc":{"Estimated reading time":"3 minutes"},"schema":{"@context":"https:\/\/schema.org","@graph":[{"@type":"WebPage","@id":"https:\/\/ledsolintel.com\/quienes-somos\/","url":"https:\/\/ledsolintel.com\/quienes-somos\/","name":"who we are","isPartOf":{"@id":"https:\/\/ledsolintel.com\/#website"},"primaryImageOfPage":{"@id":"https:\/\/ledsolintel.com\/quienes-somos\/#primaryimage"},"image":{"@id":"https:\/\/ledsolintel.com\/quienes-somos\/#primaryimage"},"thumbnailUrl":"https:\/\/ledsolintel.com\/img\/cms\/casa-iluminada-led.jpg","datePublished":"2012-12-12T20:14:21+00:00","dateModified":"2025-10-22T10:38:01+00:00","description":"Group of people that make up the ledsolintel team","breadcrumb":{"@id":"https:\/\/ledsolintel.com\/quienes-somos\/#breadcrumb"},"inLanguage":"en-GB","potentialAction":[{"@type":"ReadAction","target":["https:\/\/ledsolintel.com\/quienes-somos\/"]}]},{"@type":"ImageObject","inLanguage":"en-GB","@id":"https:\/\/ledsolintel.com\/quienes-somos\/#primaryimage","url":"https:\/\/ledsolintel.com\/img\/cms\/casa-iluminada-led.jpg","contentUrl":"https:\/\/ledsolintel.com\/img\/cms\/casa-iluminada-led.jpg"},{"@type":"BreadcrumbList","@id":"https:\/\/ledsolintel.com\/quienes-somos\/#breadcrumb","itemListElement":[{"@type":"ListItem","position":1,"name":"Portada","item":"https:\/\/ledsolintel.com\/fr\/"},{"@type":"ListItem","position":2,"name":"Qui\u00e9nes somos"}]},{"@type":"WebSite","@id":"https:\/\/ledsolintel.com\/#website","url":"https:\/\/ledsolintel.com\/","name":"Webmenaje","description":"LED bulbs and lamps shop for professionals","publisher":{"@id":"https:\/\/ledsolintel.com\/#organization"},"potentialAction":[{"@type":"SearchAction","target":{"@type":"EntryPoint","urlTemplate":"https:\/\/ledsolintel.com\/?s={search_term_string}"},"query-input":{"@type":"PropertyValueSpecification","valueRequired":true,"valueName":"search_term_string"}}],"inLanguage":"en-GB"},{"@type":"Organization","@id":"https:\/\/ledsolintel.com\/#organization","name":"Solintel Noroeste, S.L.","url":"https:\/\/ledsolintel.com\/","logo":{"@type":"ImageObject","inLanguage":"en-GB","@id":"https:\/\/ledsolintel.com\/#\/schema\/logo\/image\/","url":"https:\/\/ledsolintel.com\/wp-content\/uploads\/2024\/11\/webmenaje-logo-1508269066.jpg","contentUrl":"https:\/\/ledsolintel.com\/wp-content\/uploads\/2024\/11\/webmenaje-logo-1508269066.jpg","width":370,"height":90,"caption":"Solintel Noroeste, S.L."},"image":{"@id":"https:\/\/ledsolintel.com\/#\/schema\/logo\/image\/"},"sameAs":["http:\/\/www.facebook.com\/webmenaje","https:\/\/x.com\/webmenaje","https:\/\/www.youtube.com\/channel\/UCX2KoVoeCG4LocZjUc6LmSQ","http:\/\/www.pinterest.com\/webmenaje"]}]}},"_links":{"self":[{"href":"https:\/\/ledsolintel.com\/en\/wp-json\/wp\/v2\/pages\/256840","targetHints":{"allow":["GET"]}}],"collection":[{"href":"https:\/\/ledsolintel.com\/en\/wp-json\/wp\/v2\/pages"}],"about":[{"href":"https:\/\/ledsolintel.com\/en\/wp-json\/wp\/v2\/types\/page"}],"author":[{"embeddable":true,"href":"https:\/\/ledsolintel.com\/en\/wp-json\/wp\/v2\/users\/1"}],"replies":[{"embeddable":true,"href":"https:\/\/ledsolintel.com\/en\/wp-json\/wp\/v2\/comments?post=256840"}],"version-history":[{"count":1,"href":"https:\/\/ledsolintel.com\/en\/wp-json\/wp\/v2\/pages\/256840\/revisions"}],"predecessor-version":[{"id":256899,"href":"https:\/\/ledsolintel.com\/en\/wp-json\/wp\/v2\/pages\/256840\/revisions\/256899"}],"wp:attachment":[{"href":"https:\/\/ledsolintel.com\/en\/wp-json\/wp\/v2\/media?parent=256840"}],"curies":[{"name":"wp","href":"https:\/\/api.w.org\/{rel}","templated":true}]}}