{"id":256833,"date":"2012-12-12T21:14:21","date_gmt":"2012-12-12T20:14:21","guid":{"rendered":"https:\/\/nueva.ledsolintel.com\/envio\/"},"modified":"2012-12-12T21:14:21","modified_gmt":"2012-12-12T20:14:21","slug":"envio","status":"publish","type":"page","link":"https:\/\/ledsolintel.com\/en\/envio\/","title":{"rendered":"Sending"},"content":{"rendered":"<p style=\"text-align: justify;\"><a href=\"http:\/\/ledsolintel.com\/en\/\">http:\/\/ledsolintel.com<\/a> reserves the right to ship orders by the most appropriate means of transport at any time at its discretion. We normally ship via GLS\/ASM and Envialia.<\/p>\n<p style=\"text-align: justify;\">Shipping costs are not included and will be paid by the customer. These costs are those indicated on the website and will be duly detailed. The shipping costs are automatically calculated according to destination and amount:<\/p>\n<p style=\"text-align: justify;\">\u00a0<\/p>\n<p style=\"text-align: justify;\">DELIVERIES TO THE ISLANDS MAY INCUR ADDITIONAL COSTS WHICH ARE TO BE BORNE BY THE CUSTOMER.<\/p>\n<p style=\"text-align: justify;\">ORDERS SENT CASH ON DELIVERY ARE SUBJECT TO A SURCHARGE WHICH WILL BE ADDED TO THE SHIPPING COSTS.<\/p>\n<p style=\"text-align: justify;\">\u00a0<\/p>\n<p style=\"text-align: justify;\">The delivery time for products in STOCK is between 3 and 6 working days from confirmation of payment of the order. The delivery time for Spain (Islands) is between 5-10 working days.<\/p>\n<p style=\"text-align: justify;\">\u00a0<\/p>\n<p style=\"margin: 0cm 0cm 0pt;\"><span style=\"background: #FFFFFF; color: #666666; font-family: Tahoma, 'sans-serif'; font-size: 9pt;\">In the event that the products purchased must be ordered from WEBMENAJE suppliers, the calculation of the delivery time shall begin at the time of receipt of the goods at our facilities. Customers will be informed if, due to delays in the delivery service of our suppliers, there is an unusual delay in delivery times, and may choose to keep their order on hold or cancel it.<\/span><\/p>\n<p style=\"margin: 0cm 0cm 0pt;\">\u00a0<\/p>\n<p style=\"text-align: justify;\">When the order is shipped you will receive an email confirmation of the shipment and in a message we will provide you with the tracking number.<\/p>\n<p style=\"text-align: justify;\">\u00a0<\/p>\n<p style=\"text-align: justify;\">Receipt of the order is the responsibility of the customer<\/p>\n<p style=\"text-align: justify;\">If an order is returned to us, we will contact the customer by email:<\/p>\n<p style=\"text-align: justify;\">\u25feIf the order is returned due to an error on our part, we will resend it as soon as possible.<\/p>\n<p style=\"text-align: justify;\">\u25feIf the order is returned because you do not go to collect it, we will arrange for it to be sent back to you. The costs incurred are the responsibility of the customer.<\/p>\n<p style=\"text-align: justify;\">\u25feIf an order paid on delivery is returned to us, if the customer wants to place a new order, he\/she will have to pay for it in advance.<\/p>\n<p>\u00a0<\/p>\n<p style=\"margin: 0px; padding: 0px; border: 0px; font-family: inherit; font-size: 10.9px; font-style: inherit; font-weight: inherit; vertical-align: baseline;\">\u00a0<\/p>\n<p style=\"margin: 0px; padding: 0px; border: 0px; font-family: inherit; font-size: 10.9px; font-style: inherit; font-weight: inherit; vertical-align: baseline;\">\u00a0<\/p>\n<p style=\"margin: 0px; padding: 0px; border: 0px; font-family: inherit; font-size: 10.9px; font-style: inherit; font-weight: inherit; vertical-align: baseline;\">\u00a0<\/p>\n<p>\u00a0<\/p>","protected":false},"excerpt":{"rendered":"<p>http:\/\/ledsolintel.com se reserva el derecho de enviar los pedidos por el medio de trasporte m\u00e1s adecuado en cada momento seg\u00fan su criterio. Normalmente los env\u00edos se realizan a trav\u00e9s de\u00a0GLS\/ASM y Envialia. Los gastos de env\u00edo no est\u00e1n incluidos y ser\u00e1n por cuenta del cliente. Estos gastos son los indicados en la web y aparecer\u00e1n &hellip; <a href=\"https:\/\/ledsolintel.com\/en\/envio\/\" class=\"more-link\">Continue reading <span class=\"screen-reader-text\">Sending<\/span><\/a><\/p>","protected":false},"author":1,"featured_media":0,"parent":0,"menu_order":0,"comment_status":"closed","ping_status":"closed","template":"","meta":{"footnotes":""},"class_list":["post-256833","page","type-page","status-publish","hentry"],"yoast_head":"<!-- This site is optimized with the Yoast SEO plugin v26.6 - https:\/\/yoast.com\/wordpress\/plugins\/seo\/ -->\n<title>Env\u00edo<\/title>\n<meta name=\"description\" content=\"Nuestras condiciones de entrega\" \/>\n<meta name=\"robots\" content=\"index, follow, max-snippet:-1, max-image-preview:large, max-video-preview:-1\" \/>\n<link rel=\"canonical\" href=\"https:\/\/ledsolintel.com\/en\/envio\/\" \/>\n<meta property=\"og:locale\" content=\"en_GB\" \/>\n<meta property=\"og:type\" content=\"article\" \/>\n<meta property=\"og:title\" content=\"Env\u00edo\" \/>\n<meta property=\"og:description\" content=\"Nuestras condiciones de entrega\" \/>\n<meta property=\"og:url\" content=\"https:\/\/ledsolintel.com\/en\/envio\/\" \/>\n<meta property=\"og:site_name\" content=\"Ledsolintel\" \/>\n<meta property=\"article:publisher\" content=\"http:\/\/www.facebook.com\/webmenaje\" \/>\n<meta name=\"twitter:card\" content=\"summary_large_image\" \/>\n<meta name=\"twitter:site\" content=\"@webmenaje\" \/>\n<meta name=\"twitter:label1\" content=\"Estimated reading time\" \/>\n\t<meta name=\"twitter:data1\" content=\"2 minutes\" \/>\n<script type=\"application\/ld+json\" class=\"yoast-schema-graph\">{\"@context\":\"https:\/\/schema.org\",\"@graph\":[{\"@type\":\"WebPage\",\"@id\":\"https:\/\/ledsolintel.com\/envio\/\",\"url\":\"https:\/\/ledsolintel.com\/envio\/\",\"name\":\"Env\u00edo\",\"isPartOf\":{\"@id\":\"https:\/\/ledsolintel.com\/#website\"},\"datePublished\":\"2012-12-12T20:14:21+00:00\",\"description\":\"Nuestras condiciones de entrega\",\"breadcrumb\":{\"@id\":\"https:\/\/ledsolintel.com\/envio\/#breadcrumb\"},\"inLanguage\":\"en-GB\",\"potentialAction\":[{\"@type\":\"ReadAction\",\"target\":[\"https:\/\/ledsolintel.com\/envio\/\"]}]},{\"@type\":\"BreadcrumbList\",\"@id\":\"https:\/\/ledsolintel.com\/envio\/#breadcrumb\",\"itemListElement\":[{\"@type\":\"ListItem\",\"position\":1,\"name\":\"Portada\",\"item\":\"https:\/\/ledsolintel.com\/fr\/\"},{\"@type\":\"ListItem\",\"position\":2,\"name\":\"Env\u00edo\"}]},{\"@type\":\"WebSite\",\"@id\":\"https:\/\/ledsolintel.com\/#website\",\"url\":\"https:\/\/ledsolintel.com\/\",\"name\":\"Webmenaje\",\"description\":\"Tienda de bombillas y l\u00e1mparas LED para profesionales\",\"publisher\":{\"@id\":\"https:\/\/ledsolintel.com\/#organization\"},\"potentialAction\":[{\"@type\":\"SearchAction\",\"target\":{\"@type\":\"EntryPoint\",\"urlTemplate\":\"https:\/\/ledsolintel.com\/?s={search_term_string}\"},\"query-input\":{\"@type\":\"PropertyValueSpecification\",\"valueRequired\":true,\"valueName\":\"search_term_string\"}}],\"inLanguage\":\"en-GB\"},{\"@type\":\"Organization\",\"@id\":\"https:\/\/ledsolintel.com\/#organization\",\"name\":\"Solintel Noroeste, S.L.\",\"url\":\"https:\/\/ledsolintel.com\/\",\"logo\":{\"@type\":\"ImageObject\",\"inLanguage\":\"en-GB\",\"@id\":\"https:\/\/ledsolintel.com\/#\/schema\/logo\/image\/\",\"url\":\"https:\/\/ledsolintel.com\/wp-content\/uploads\/2024\/11\/webmenaje-logo-1508269066.jpg\",\"contentUrl\":\"https:\/\/ledsolintel.com\/wp-content\/uploads\/2024\/11\/webmenaje-logo-1508269066.jpg\",\"width\":370,\"height\":90,\"caption\":\"Solintel Noroeste, S.L.\"},\"image\":{\"@id\":\"https:\/\/ledsolintel.com\/#\/schema\/logo\/image\/\"},\"sameAs\":[\"http:\/\/www.facebook.com\/webmenaje\",\"https:\/\/x.com\/webmenaje\",\"https:\/\/www.youtube.com\/channel\/UCX2KoVoeCG4LocZjUc6LmSQ\",\"http:\/\/www.pinterest.com\/webmenaje\"]}]}<\/script>\n<!-- \/ Yoast SEO plugin. -->","yoast_head_json":{"title":"Sending","description":"Nuestras condiciones de entrega","robots":{"index":"index","follow":"follow","max-snippet":"max-snippet:-1","max-image-preview":"max-image-preview:large","max-video-preview":"max-video-preview:-1"},"canonical":"https:\/\/ledsolintel.com\/en\/envio\/","og_locale":"en_GB","og_type":"article","og_title":"Env\u00edo","og_description":"Nuestras condiciones de entrega","og_url":"https:\/\/ledsolintel.com\/en\/envio\/","og_site_name":"Ledsolintel","article_publisher":"http:\/\/www.facebook.com\/webmenaje","twitter_card":"summary_large_image","twitter_site":"@webmenaje","twitter_misc":{"Estimated reading time":"2 minutes"},"schema":{"@context":"https:\/\/schema.org","@graph":[{"@type":"WebPage","@id":"https:\/\/ledsolintel.com\/envio\/","url":"https:\/\/ledsolintel.com\/envio\/","name":"Sending","isPartOf":{"@id":"https:\/\/ledsolintel.com\/#website"},"datePublished":"2012-12-12T20:14:21+00:00","description":"Nuestras condiciones de entrega","breadcrumb":{"@id":"https:\/\/ledsolintel.com\/envio\/#breadcrumb"},"inLanguage":"en-GB","potentialAction":[{"@type":"ReadAction","target":["https:\/\/ledsolintel.com\/envio\/"]}]},{"@type":"BreadcrumbList","@id":"https:\/\/ledsolintel.com\/envio\/#breadcrumb","itemListElement":[{"@type":"ListItem","position":1,"name":"Portada","item":"https:\/\/ledsolintel.com\/fr\/"},{"@type":"ListItem","position":2,"name":"Env\u00edo"}]},{"@type":"WebSite","@id":"https:\/\/ledsolintel.com\/#website","url":"https:\/\/ledsolintel.com\/","name":"Webmenaje","description":"LED bulbs and lamps shop for professionals","publisher":{"@id":"https:\/\/ledsolintel.com\/#organization"},"potentialAction":[{"@type":"SearchAction","target":{"@type":"EntryPoint","urlTemplate":"https:\/\/ledsolintel.com\/?s={search_term_string}"},"query-input":{"@type":"PropertyValueSpecification","valueRequired":true,"valueName":"search_term_string"}}],"inLanguage":"en-GB"},{"@type":"Organization","@id":"https:\/\/ledsolintel.com\/#organization","name":"Solintel Noroeste, S.L.","url":"https:\/\/ledsolintel.com\/","logo":{"@type":"ImageObject","inLanguage":"en-GB","@id":"https:\/\/ledsolintel.com\/#\/schema\/logo\/image\/","url":"https:\/\/ledsolintel.com\/wp-content\/uploads\/2024\/11\/webmenaje-logo-1508269066.jpg","contentUrl":"https:\/\/ledsolintel.com\/wp-content\/uploads\/2024\/11\/webmenaje-logo-1508269066.jpg","width":370,"height":90,"caption":"Solintel Noroeste, S.L."},"image":{"@id":"https:\/\/ledsolintel.com\/#\/schema\/logo\/image\/"},"sameAs":["http:\/\/www.facebook.com\/webmenaje","https:\/\/x.com\/webmenaje","https:\/\/www.youtube.com\/channel\/UCX2KoVoeCG4LocZjUc6LmSQ","http:\/\/www.pinterest.com\/webmenaje"]}]}},"_links":{"self":[{"href":"https:\/\/ledsolintel.com\/en\/wp-json\/wp\/v2\/pages\/256833","targetHints":{"allow":["GET"]}}],"collection":[{"href":"https:\/\/ledsolintel.com\/en\/wp-json\/wp\/v2\/pages"}],"about":[{"href":"https:\/\/ledsolintel.com\/en\/wp-json\/wp\/v2\/types\/page"}],"author":[{"embeddable":true,"href":"https:\/\/ledsolintel.com\/en\/wp-json\/wp\/v2\/users\/1"}],"replies":[{"embeddable":true,"href":"https:\/\/ledsolintel.com\/en\/wp-json\/wp\/v2\/comments?post=256833"}],"version-history":[{"count":0,"href":"https:\/\/ledsolintel.com\/en\/wp-json\/wp\/v2\/pages\/256833\/revisions"}],"wp:attachment":[{"href":"https:\/\/ledsolintel.com\/en\/wp-json\/wp\/v2\/media?parent=256833"}],"curies":[{"name":"wp","href":"https:\/\/api.w.org\/{rel}","templated":true}]}}