{"id":20,"date":"2025-02-26T10:40:21","date_gmt":"2025-02-26T09:40:21","guid":{"rendered":"https:\/\/nueva.webmenaje.com\/?page_id=20"},"modified":"2025-02-26T10:40:48","modified_gmt":"2025-02-26T09:40:48","slug":"proceso-de-envio","status":"publish","type":"page","link":"https:\/\/ledsolintel.com\/en\/proceso-de-envio\/","title":{"rendered":"Shipping process"},"content":{"rendered":"<p>WEBMENAJE reserves the right to ship orders by the most appropriate means of transport at any time at its discretion. Normally shipments are made through GLS\/ASM and Envialia.<\/p>\n\n\n\n<p>Shipping costs are not included and will be paid by the customer. These costs are those indicated on the website and will be duly detailed. The shipping costs are automatically calculated according to destination and amount:<\/p>\n\n\n\n<p><strong>DELIVERIES TO THE ISLANDS MAY INCUR ADDITIONAL COSTS WHICH ARE TO BE BORNE BY THE CUSTOMER.<\/strong><\/p>\n\n\n\n<p><strong>ORDERS SENT CASH ON DELIVERY ARE SUBJECT TO A SURCHARGE WHICH WILL BE ADDED TO THE SHIPPING COSTS.<\/strong><\/p>\n\n\n\n<p>The delivery time for products in STOCK is between 2 and 6 working days from confirmation of payment of the order. The delivery time for Spain (Islands) is between 5-10 working days.<\/p>\n\n\n\n<p>In the event that the products purchased must be ordered from WEBMENAJE suppliers, the calculation of the delivery time shall begin at the time of receipt of the goods at our facilities. Customers will be informed if, due to delays in the delivery service of our suppliers, there is an unusual delay in delivery times, and may choose to keep their order on hold or cancel it.<\/p>\n\n\n\n<p>When the order is shipped you will receive an email confirming the shipment and a message with the tracking number.<\/p>\n\n\n\n<p>Attention: the delivery of orders placed during holiday periods (July and August, Christmas and Easter) may be delayed for reasons beyond the control of Webmenaje. If you wish to place an urgent order, please contact us by telephone (881 991 383 \/ 698 155 566) or by e-mail (info@ledsolintel.com).<\/p>\n\n\n\n<p><strong>Receipt of the order is the responsibility of the customer<\/strong><\/p>\n\n\n\n<p>If an order is returned to us, we will contact the customer by email:<\/p>\n\n\n\n<ul class=\"wp-block-list\">\n<li>If the order is returned due to an error on our part, we will resend it as soon as possible.<\/li>\n\n\n\n<li>If the order is returned because you do not go to collect it, we will arrange for it to be sent back to you. The costs incurred are the responsibility of the customer.<\/li>\n\n\n\n<li>If an order paid cash on delivery is returned to us, if the customer wants to place a new order, he\/she will have to pay for it in advance.<\/li>\n<\/ul>","protected":false},"excerpt":{"rendered":"<p>WEBMENAJE&nbsp;se reserva el derecho de enviar los pedidos por el medio de trasporte m\u00e1s adecuado en cada momento seg\u00fan su criterio. Normalmente los env\u00edos se realizan a trav\u00e9s de GLS\/ASM y Envialia. Los gastos de env\u00edo no est\u00e1n incluidos y ser\u00e1n por cuenta del cliente. Estos gastos son los indicados en la web y aparecer\u00e1n &hellip; <a href=\"https:\/\/ledsolintel.com\/en\/proceso-de-envio\/\" class=\"more-link\">Continue reading <span class=\"screen-reader-text\">Shipping process<\/span><\/a><\/p>","protected":false},"author":1,"featured_media":0,"parent":0,"menu_order":0,"comment_status":"closed","ping_status":"closed","template":"","meta":{"footnotes":""},"class_list":["post-20","page","type-page","status-publish","hentry"],"yoast_head":"<!-- This site is optimized with the Yoast SEO plugin v27.4 - https:\/\/yoast.com\/product\/yoast-seo-wordpress\/ -->\n<title>Proceso de env\u00edo - Ledsolintel<\/title>\n<meta name=\"robots\" content=\"index, follow, max-snippet:-1, max-image-preview:large, max-video-preview:-1\" \/>\n<link rel=\"canonical\" href=\"https:\/\/ledsolintel.com\/en\/proceso-de-envio\/\" \/>\n<meta property=\"og:locale\" content=\"en_GB\" \/>\n<meta property=\"og:type\" content=\"article\" \/>\n<meta property=\"og:title\" content=\"Proceso de env\u00edo - Ledsolintel\" \/>\n<meta property=\"og:description\" content=\"WEBMENAJE&nbsp;se reserva el derecho de enviar los pedidos por el medio de trasporte m\u00e1s adecuado en cada momento seg\u00fan su criterio. Normalmente los env\u00edos se realizan a trav\u00e9s de GLS\/ASM y Envialia. Los gastos de env\u00edo no est\u00e1n incluidos y ser\u00e1n por cuenta del cliente. Estos gastos son los indicados en la web y aparecer\u00e1n &hellip; Continue reading Proceso de env\u00edo\" \/>\n<meta property=\"og:url\" content=\"https:\/\/ledsolintel.com\/en\/proceso-de-envio\/\" \/>\n<meta property=\"og:site_name\" content=\"Ledsolintel\" \/>\n<meta property=\"article:publisher\" content=\"http:\/\/www.facebook.com\/webmenaje\" \/>\n<meta property=\"article:modified_time\" content=\"2025-02-26T09:40:48+00:00\" \/>\n<meta name=\"twitter:card\" content=\"summary_large_image\" \/>\n<meta name=\"twitter:site\" content=\"@webmenaje\" \/>\n<meta name=\"twitter:label1\" content=\"Estimated reading time\" \/>\n\t<meta name=\"twitter:data1\" content=\"2 minutes\" \/>\n<script type=\"application\/ld+json\" class=\"yoast-schema-graph\">{\"@context\":\"https:\\\/\\\/schema.org\",\"@graph\":[{\"@type\":\"WebPage\",\"@id\":\"https:\\\/\\\/ledsolintel.com\\\/proceso-de-envio\\\/\",\"url\":\"https:\\\/\\\/ledsolintel.com\\\/proceso-de-envio\\\/\",\"name\":\"Proceso de env\u00edo - Ledsolintel\",\"isPartOf\":{\"@id\":\"https:\\\/\\\/ledsolintel.com\\\/#website\"},\"datePublished\":\"2025-02-26T09:40:21+00:00\",\"dateModified\":\"2025-02-26T09:40:48+00:00\",\"breadcrumb\":{\"@id\":\"https:\\\/\\\/ledsolintel.com\\\/proceso-de-envio\\\/#breadcrumb\"},\"inLanguage\":\"en-GB\",\"potentialAction\":[{\"@type\":\"ReadAction\",\"target\":[\"https:\\\/\\\/ledsolintel.com\\\/proceso-de-envio\\\/\"]}]},{\"@type\":\"BreadcrumbList\",\"@id\":\"https:\\\/\\\/ledsolintel.com\\\/proceso-de-envio\\\/#breadcrumb\",\"itemListElement\":[{\"@type\":\"ListItem\",\"position\":1,\"name\":\"Portada\",\"item\":\"https:\\\/\\\/ledsolintel.com\\\/fr\\\/\"},{\"@type\":\"ListItem\",\"position\":2,\"name\":\"Proceso de env\u00edo\"}]},{\"@type\":\"WebSite\",\"@id\":\"https:\\\/\\\/ledsolintel.com\\\/#website\",\"url\":\"https:\\\/\\\/ledsolintel.com\\\/\",\"name\":\"Webmenaje\",\"description\":\"Tienda de bombillas y l\u00e1mparas LED para profesionales\",\"publisher\":{\"@id\":\"https:\\\/\\\/ledsolintel.com\\\/#organization\"},\"potentialAction\":[{\"@type\":\"SearchAction\",\"target\":{\"@type\":\"EntryPoint\",\"urlTemplate\":\"https:\\\/\\\/ledsolintel.com\\\/?s={search_term_string}\"},\"query-input\":{\"@type\":\"PropertyValueSpecification\",\"valueRequired\":true,\"valueName\":\"search_term_string\"}}],\"inLanguage\":\"en-GB\"},{\"@type\":\"Organization\",\"@id\":\"https:\\\/\\\/ledsolintel.com\\\/#organization\",\"name\":\"Solintel Noroeste, S.L.\",\"url\":\"https:\\\/\\\/ledsolintel.com\\\/\",\"logo\":{\"@type\":\"ImageObject\",\"inLanguage\":\"en-GB\",\"@id\":\"https:\\\/\\\/ledsolintel.com\\\/#\\\/schema\\\/logo\\\/image\\\/\",\"url\":\"https:\\\/\\\/ledsolintel.com\\\/wp-content\\\/uploads\\\/2024\\\/11\\\/webmenaje-logo-1508269066.jpg\",\"contentUrl\":\"https:\\\/\\\/ledsolintel.com\\\/wp-content\\\/uploads\\\/2024\\\/11\\\/webmenaje-logo-1508269066.jpg\",\"width\":370,\"height\":90,\"caption\":\"Solintel Noroeste, S.L.\"},\"image\":{\"@id\":\"https:\\\/\\\/ledsolintel.com\\\/#\\\/schema\\\/logo\\\/image\\\/\"},\"sameAs\":[\"http:\\\/\\\/www.facebook.com\\\/webmenaje\",\"https:\\\/\\\/x.com\\\/webmenaje\",\"https:\\\/\\\/www.youtube.com\\\/channel\\\/UCX2KoVoeCG4LocZjUc6LmSQ\",\"http:\\\/\\\/www.pinterest.com\\\/webmenaje\"]}]}<\/script>\n<!-- \/ Yoast SEO plugin. -->","yoast_head_json":{"title":"Proceso de env\u00edo - Ledsolintel","robots":{"index":"index","follow":"follow","max-snippet":"max-snippet:-1","max-image-preview":"max-image-preview:large","max-video-preview":"max-video-preview:-1"},"canonical":"https:\/\/ledsolintel.com\/en\/proceso-de-envio\/","og_locale":"en_GB","og_type":"article","og_title":"Proceso de env\u00edo - Ledsolintel","og_description":"WEBMENAJE&nbsp;se reserva el derecho de enviar los pedidos por el medio de trasporte m\u00e1s adecuado en cada momento seg\u00fan su criterio. Normalmente los env\u00edos se realizan a trav\u00e9s de GLS\/ASM y Envialia. Los gastos de env\u00edo no est\u00e1n incluidos y ser\u00e1n por cuenta del cliente. Estos gastos son los indicados en la web y aparecer\u00e1n &hellip; Continue reading Proceso de env\u00edo","og_url":"https:\/\/ledsolintel.com\/en\/proceso-de-envio\/","og_site_name":"Ledsolintel","article_publisher":"http:\/\/www.facebook.com\/webmenaje","article_modified_time":"2025-02-26T09:40:48+00:00","twitter_card":"summary_large_image","twitter_site":"@webmenaje","twitter_misc":{"Estimated reading time":"2 minutes"},"schema":{"@context":"https:\/\/schema.org","@graph":[{"@type":"WebPage","@id":"https:\/\/ledsolintel.com\/proceso-de-envio\/","url":"https:\/\/ledsolintel.com\/proceso-de-envio\/","name":"Proceso de env\u00edo - Ledsolintel","isPartOf":{"@id":"https:\/\/ledsolintel.com\/#website"},"datePublished":"2025-02-26T09:40:21+00:00","dateModified":"2025-02-26T09:40:48+00:00","breadcrumb":{"@id":"https:\/\/ledsolintel.com\/proceso-de-envio\/#breadcrumb"},"inLanguage":"en-GB","potentialAction":[{"@type":"ReadAction","target":["https:\/\/ledsolintel.com\/proceso-de-envio\/"]}]},{"@type":"BreadcrumbList","@id":"https:\/\/ledsolintel.com\/proceso-de-envio\/#breadcrumb","itemListElement":[{"@type":"ListItem","position":1,"name":"Portada","item":"https:\/\/ledsolintel.com\/fr\/"},{"@type":"ListItem","position":2,"name":"Proceso de env\u00edo"}]},{"@type":"WebSite","@id":"https:\/\/ledsolintel.com\/#website","url":"https:\/\/ledsolintel.com\/","name":"Webmenaje","description":"LED bulbs and lamps shop for professionals","publisher":{"@id":"https:\/\/ledsolintel.com\/#organization"},"potentialAction":[{"@type":"SearchAction","target":{"@type":"EntryPoint","urlTemplate":"https:\/\/ledsolintel.com\/?s={search_term_string}"},"query-input":{"@type":"PropertyValueSpecification","valueRequired":true,"valueName":"search_term_string"}}],"inLanguage":"en-GB"},{"@type":"Organization","@id":"https:\/\/ledsolintel.com\/#organization","name":"Solintel Noroeste, S.L.","url":"https:\/\/ledsolintel.com\/","logo":{"@type":"ImageObject","inLanguage":"en-GB","@id":"https:\/\/ledsolintel.com\/#\/schema\/logo\/image\/","url":"https:\/\/ledsolintel.com\/wp-content\/uploads\/2024\/11\/webmenaje-logo-1508269066.jpg","contentUrl":"https:\/\/ledsolintel.com\/wp-content\/uploads\/2024\/11\/webmenaje-logo-1508269066.jpg","width":370,"height":90,"caption":"Solintel Noroeste, S.L."},"image":{"@id":"https:\/\/ledsolintel.com\/#\/schema\/logo\/image\/"},"sameAs":["http:\/\/www.facebook.com\/webmenaje","https:\/\/x.com\/webmenaje","https:\/\/www.youtube.com\/channel\/UCX2KoVoeCG4LocZjUc6LmSQ","http:\/\/www.pinterest.com\/webmenaje"]}]}},"_links":{"self":[{"href":"https:\/\/ledsolintel.com\/en\/wp-json\/wp\/v2\/pages\/20","targetHints":{"allow":["GET"]}}],"collection":[{"href":"https:\/\/ledsolintel.com\/en\/wp-json\/wp\/v2\/pages"}],"about":[{"href":"https:\/\/ledsolintel.com\/en\/wp-json\/wp\/v2\/types\/page"}],"author":[{"embeddable":true,"href":"https:\/\/ledsolintel.com\/en\/wp-json\/wp\/v2\/users\/1"}],"replies":[{"embeddable":true,"href":"https:\/\/ledsolintel.com\/en\/wp-json\/wp\/v2\/comments?post=20"}],"version-history":[{"count":0,"href":"https:\/\/ledsolintel.com\/en\/wp-json\/wp\/v2\/pages\/20\/revisions"}],"wp:attachment":[{"href":"https:\/\/ledsolintel.com\/en\/wp-json\/wp\/v2\/media?parent=20"}],"curies":[{"name":"wp","href":"https:\/\/api.w.org\/{rel}","templated":true}]}}